{"id":843,"date":"2026-04-14T10:03:51","date_gmt":"2026-04-14T10:03:51","guid":{"rendered":"https:\/\/www.cemengineering.it\/ueber-uns\/"},"modified":"2026-05-15T08:03:05","modified_gmt":"2026-05-15T08:03:05","slug":"ueber-uns","status":"publish","type":"page","link":"https:\/\/www.cemengineering.it\/de\/ueber-uns\/","title":{"rendered":"\u00dcber uns"},"content":{"rendered":"\n[et_pb_section fb_built=&#8220;1&#8243; custom_padding_last_edited=&#8220;on|tablet&#8220; _builder_version=&#8220;4.27.6&#8243; _module_preset=&#8220;default&#8220; background_color=&#8220;gcid-ab7ff4dd-e087-4553-8299-16fb58deb3ad&#8220; background_image=&#8220;http:\/\/www.cemengineering.it\/wp-content\/uploads\/CEM-Spiral-Dark-blue-1.png&#8220; background_size=&#8220;initial&#8220; background_position=&#8220;center_right&#8220; custom_margin=&#8220;0px||0px||false|false&#8220; custom_padding=&#8220;10vh||10vh||true|false&#8220; custom_padding_tablet=&#8220;180px||200px||false|false&#8220; custom_padding_phone=&#8220;110px||90px||false|false&#8220; global_colors_info=&#8220;{%22gcid-ab7ff4dd-e087-4553-8299-16fb58deb3ad%22:%91%22background_color%22,%22background_color%22%93}&#8220;][et_pb_row module_class=&#8220;construction-20-inlbtnsc&#8220; _builder_version=&#8220;4.22.2&#8243; _module_preset=&#8220;default&#8220; width=&#8220;90%&#8220; max_width=&#8220;1270px&#8220; custom_margin=&#8220;0px||0px||false|false&#8220; custom_padding=&#8220;0px||0px||false|false&#8220; animation_style=&#8220;slide&#8220; animation_direction=&#8220;left&#8220; animation_speed_curve=&#8220;ease&#8220; global_colors_info=&#8220;{}&#8220;][et_pb_column type=&#8220;4_4&#8243; _builder_version=&#8220;4.22.1&#8243; _module_preset=&#8220;default&#8220; global_colors_info=&#8220;{}&#8220;][et_pb_heading title=&#8220;@ET-DC@eyJkeW5hbWljIjp0cnVlLCJjb250ZW50IjoicG9zdF90aXRsZSIsInNldHRpbmdzIjp7ImJlZm9yZSI6IiIsImFmdGVyIjoiIiwiZW5hYmxlX2h0bWwiOiJvZmYifX0=@&#8220; _builder_version=&#8220;4.27.6&#8243; _dynamic_attributes=&#8220;title&#8220; _module_preset=&#8220;default&#8220; title_text_color=&#8220;#FFFFFF&#8220; global_colors_info=&#8220;{}&#8220;][\/et_pb_heading][\/et_pb_column][\/et_pb_row][\/et_pb_section][et_pb_section fb_built=&#8220;1&#8243; custom_padding_last_edited=&#8220;on|phone&#8220; _builder_version=&#8220;4.27.6&#8243; _module_preset=&#8220;default&#8220; background_enable_image=&#8220;off&#8220; parallax=&#8220;on&#8220; parallax_method=&#8220;off&#8220; custom_margin=&#8220;0px||0px||false|false&#8220; custom_padding=&#8220;120px||120px||true|false&#8220; custom_padding_tablet=&#8220;120px||120px||false|false&#8220; custom_padding_phone=&#8220;90px||75px||false|false&#8220; global_colors_info=&#8220;{}&#8220;][et_pb_row column_structure=&#8220;1_3,2_3&#8243; make_equal=&#8220;on&#8220; _builder_version=&#8220;4.27.6&#8243; _module_preset=&#8220;default&#8220; custom_padding=&#8220;0px||0px||true|false&#8220; animation_direction=&#8220;top&#8220; global_colors_info=&#8220;{}&#8220;][et_pb_column type=&#8220;1_3&#8243; _builder_version=&#8220;4.27.6&#8243; _module_preset=&#8220;default&#8220; custom_padding=&#8220;||||false|false&#8220; custom_padding_tablet=&#8220;|||0px|false|false&#8220; custom_padding_phone=&#8220;|||0px|false|false&#8220; custom_padding_last_edited=&#8220;off|desktop&#8220; animation_style=&#8220;slide&#8220; animation_direction=&#8220;left&#8220; animation_duration=&#8220;700ms&#8220; animation_delay=&#8220;500ms&#8220; animation_speed_curve=&#8220;ease&#8220; custom_css_main_element=&#8220;margin:auto;&#8220; global_colors_info=&#8220;{}&#8220;][et_pb_image src=&#8220;http:\/\/www.cemengineering.it\/wp-content\/uploads\/CEM-Circle-Light-blue-Bottom-right.webp&#8220; title_text=&#8220;CEM-\u00dcber uns-Wer wir sind-Au\u00dferhalb&#8220; force_fullwidth=&#8220;on&#8220; _builder_version=&#8220;4.27.6&#8243; _module_preset=&#8220;default&#8220; background_image=&#8220;http:\/\/www.cemengineering.it\/wp-content\/uploads\/CEM-About-us-Who-We-Are-Outside.webp&#8220; custom_margin=&#8220;0px||0px||false|false&#8220; custom_margin_tablet=&#8220;0px||60px||false|false&#8220; custom_margin_phone=&#8220;||45px||false|false&#8220; custom_margin_last_edited=&#8220;on|tablet&#8220; custom_padding=&#8220;0px||0px||false|false&#8220; border_color_all=&#8220;#FFFFFF&#8220; global_colors_info=&#8220;{}&#8220;][\/et_pb_image][\/et_pb_column][et_pb_column type=&#8220;2_3&#8243; module_class=&#8220;iq-centra-verticale&#8220; _builder_version=&#8220;4.27.6&#8243; _module_preset=&#8220;default&#8220; animation_style=&#8220;slide&#8220; animation_direction=&#8220;right&#8220; animation_duration=&#8220;700ms&#8220; animation_delay=&#8220;750ms&#8220; animation_speed_curve=&#8220;ease&#8220; global_colors_info=&#8220;{}&#8220; custom_css_after_last_edited=&#8220;off|desktop&#8220; custom_css_after_tablet=&#8220;display:none;&#8220; custom_css_after_phone=&#8220;display:none;&#8220;][et_pb_text _builder_version=&#8220;4.27.6&#8243; _module_preset=&#8220;default&#8220; custom_margin=&#8220;||0px||false|false&#8220; global_colors_info=&#8220;{}&#8220;]<h2>Wer wir sind<\/h2>[\/et_pb_text][et_pb_text _builder_version=&#8220;4.27.6&#8243; _module_preset=&#8220;default&#8220; text_font_size=&#8220;18px&#8220; global_colors_info=&#8220;{}&#8220;]C.E.M. Industrial Transformers wurde gegr\u00fcndet, um der wachsenden Nachfrage von Industrie- und Versorgungskunden nach einem zuverl\u00e4ssigen und reaktionsschnellen Partner in der Transformatorenbranche gerecht zu werden.[\/et_pb_text][et_pb_text _builder_version=&#8220;4.27.6&#8243; _module_preset=&#8220;default&#8220; global_colors_info=&#8220;{}&#8220;]Mit mehr als 30 Jahren Erfahrung in diesem Sektor verf\u00fcgen wir \u00fcber ein tiefes Verst\u00e4ndnis der industriellen Herausforderungen und wenden modernste Techniken an, um hocheffiziente, langlebige und kosteng\u00fcnstige L\u00f6sungen zu entwickeln.[\/et_pb_text][\/et_pb_column][\/et_pb_row][\/et_pb_section][et_pb_section fb_built=&#8220;1&#8243; disabled_on=&#8220;off|off|off&#8220; module_id=&#8220;Dienstleistungen&#8220; _builder_version=&#8220;4.27.6&#8243; _module_preset=&#8220;default&#8220; background_color=&#8220;rgba(0,0,0,0.7)&#8220; use_background_color_gradient=&#8220;on&#8220; background_color_gradient_stops=&#8220;rgba(0,0,0,0.7) 0%|rgba(0,0,0,0.7) 100%&#8220; background_color_gradient_overlays_image=&#8220;on&#8220; background_image=&#8220;http:\/\/www.cemengineering.it\/wp-content\/uploads\/CEM_INDUSTRIAL_TRANSFORMERS_SRL79-1920w.webp&#8220; parallax=&#8220;on&#8220; background_blend=&#8220;multiply&#8220; custom_padding=&#8220;120px||120px||true|false&#8220; locked=&#8220;off&#8220; global_colors_info=&#8220;{%22gcid-secondary-color%22:%91%22background_color%22%93,%22gcid-primary-color%22:%91%22background_color%22,%22background_color%22,%22background_color%22,%22background_color%22%93}&#8220;][et_pb_row _builder_version=&#8220;4.27.6&#8243; _module_preset=&#8220;default&#8220; custom_margin_tablet=&#8220;0px||70px||false|false&#8220; custom_margin_phone=&#8220;0px||45px||false|false&#8220; custom_margin_last_edited=&#8220;off|desktop&#8220; custom_padding=&#8220;0px||0px||true|false&#8220; animation_style=&#8220;slide&#8220; animation_direction=&#8220;bottom&#8220; animation_duration=&#8220;700ms&#8220; animation_delay=&#8220;500ms&#8220; animation_speed_curve=&#8220;ease&#8220; global_colors_info=&#8220;{}&#8220;][et_pb_column type=&#8220;4_4&#8243; _builder_version=&#8220;4.22.1&#8243; _module_preset=&#8220;default&#8220; global_colors_info=&#8220;{}&#8220;][et_pb_text _builder_version=&#8220;4.27.6&#8243; _module_preset=&#8220;default&#8220; text_orientation=&#8220;center&#8220; background_layout=&#8220;dark&#8220; custom_margin=&#8220;||0px||false|false&#8220; animation_direction=&#8220;bottom&#8220; global_colors_info=&#8220;{}&#8220;]<h2>Unser Auftrag<\/h2>[\/et_pb_text][et_pb_text _builder_version=&#8220;4.27.6&#8243; _module_preset=&#8220;default&#8220; text_font_size=&#8220;18px&#8220; text_orientation=&#8220;center&#8220; background_layout=&#8220;dark&#8220; module_alignment=&#8220;center&#8220; custom_padding=&#8220;0px||0px||false|false&#8220; global_colors_info=&#8220;{}&#8220;]Die Hauptaufgabe von C.E.M. ist die Entwicklung und Herstellung von Wicklungen f\u00fcr spezielle Industrietransformatoren und Leistungstransformatoren f\u00fcr die Erzeugung, \u00dcbertragung und Verteilung von Elektrizit\u00e4t, wobei die h\u00f6chsten Standards f\u00fcr Qualit\u00e4t, Leistung und Zuverl\u00e4ssigkeit erf\u00fcllt und \u00fcbertroffen werden. Wir arbeiten eng mit unseren Kunden zusammen, um ma\u00dfgeschneiderte L\u00f6sungen zu entwickeln, die auf ihre spezifischen betrieblichen und technischen Anforderungen zugeschnitten sind.[\/et_pb_text][et_pb_text _builder_version=&#8220;4.27.6&#8243; _module_preset=&#8220;default&#8220; text_orientation=&#8220;center&#8220; background_layout=&#8220;dark&#8220; max_width=&#8220;800px&#8220; module_alignment=&#8220;center&#8220; custom_margin=&#8220;0px||0px||false|false&#8220; custom_padding=&#8220;0px||0px||false|false&#8220; global_colors_info=&#8220;{}&#8220;]Der Gro\u00dfteil unserer Ressourcen wird in Forschung und Entwicklung investiert, wobei wir uns auf die Innovation von Spezialtransformatoren konzentrieren, die f\u00fcr komplexe industrielle Anforderungen entwickelt wurden. Jede Wicklung wird von unserem Expertenteam unter Verwendung der fortschrittlichsten verf\u00fcgbaren Technologien sorgf\u00e4ltig entworfen.[\/et_pb_text][\/et_pb_column][\/et_pb_row][\/et_pb_section][et_pb_section fb_built=&#8220;1&#8243; custom_padding_last_edited=&#8220;on|phone&#8220; _builder_version=&#8220;4.22.1&#8243; _module_preset=&#8220;default&#8220; custom_margin=&#8220;0px||0px||false|false&#8220; custom_padding=&#8220;120px||120px||true|false&#8220; custom_padding_tablet=&#8220;120px||120px||false|false&#8220; custom_padding_phone=&#8220;90px||75px||false|false&#8220; global_colors_info=&#8220;{}&#8220;][et_pb_row column_structure=&#8220;3_5,2_5&#8243; make_equal=&#8220;on&#8220; _builder_version=&#8220;4.27.6&#8243; _module_preset=&#8220;default&#8220; custom_padding=&#8220;0px||0px||true|false&#8220; animation_direction=&#8220;top&#8220; global_colors_info=&#8220;{}&#8220;][et_pb_column type=&#8220;3_5&#8243; module_class=&#8220;iq-centra-verticale&#8220; _builder_version=&#8220;4.27.6&#8243; _module_preset=&#8220;default&#8220; animation_style=&#8220;slide&#8220; animation_direction=&#8220;left&#8220; animation_duration=&#8220;700ms&#8220; animation_delay=&#8220;500ms&#8220; animation_speed_curve=&#8220;ease&#8220; global_colors_info=&#8220;{}&#8220; custom_css_after_last_edited=&#8220;off|desktop&#8220; custom_css_after_tablet=&#8220;display:none;&#8220; custom_css_after_phone=&#8220;display:none;&#8220;][et_pb_text _builder_version=&#8220;4.27.6&#8243; _module_preset=&#8220;default&#8220; text_orientation=&#8220;right&#8220; custom_margin=&#8220;||0px||false|false&#8220; global_colors_info=&#8220;{}&#8220;]<h2>Unser Engagement<\/h2>[\/et_pb_text][et_pb_text _builder_version=&#8220;4.27.6&#8243; _module_preset=&#8220;default&#8220; text_orientation=&#8220;right&#8220; global_colors_info=&#8220;{}&#8220;]Wir bei C.E.M. sind davon \u00fcberzeugt, dass Innovation unerl\u00e4sslich ist, um in einer sich schnell entwickelnden Branche immer einen Schritt voraus zu sein. Unsere Forschungs- und Entwicklungsarbeit zielt darauf ab, die Transformatorentechnologie zu verbessern, die Effizienz zu steigern und sich an die neuesten Entwicklungen der Branche anzupassen.\n\nUnser Engagement f\u00fcr hervorragende Leistungen spiegelt sich in jedem Aspekt unserer Arbeit wider: vom ersten Entwurf bis zur endg\u00fcltigen Konstruktion, von der routinem\u00e4\u00dfigen Wartung bis zum Notfallsupport. Wenn Sie sich f\u00fcr C.E.M. entscheiden, arbeiten Sie mit einem Unternehmen zusammen, das Wert auf Zuverl\u00e4ssigkeit, Kompetenz und Kundenzufriedenheit legt.[\/et_pb_text][\/et_pb_column][et_pb_column type=&#8220;2_5&#8243; _builder_version=&#8220;4.27.6&#8243; _module_preset=&#8220;default&#8220; custom_padding=&#8220;||||false|false&#8220; custom_padding_tablet=&#8220;|||0px|false|false&#8220; custom_padding_phone=&#8220;|||0px|false|false&#8220; custom_padding_last_edited=&#8220;off|desktop&#8220; animation_style=&#8220;slide&#8220; animation_direction=&#8220;right&#8220; animation_duration=&#8220;700ms&#8220; animation_delay=&#8220;750ms&#8220; animation_speed_curve=&#8220;ease&#8220; custom_css_main_element=&#8220;margin:auto;&#8220; global_colors_info=&#8220;{}&#8220;][et_pb_image src=&#8220;http:\/\/www.cemengineering.it\/wp-content\/uploads\/CEM-Circle-Light-blue-Bottom-right.webp&#8220; force_fullwidth=&#8220;on&#8220; _builder_version=&#8220;4.27.6&#8243; _module_preset=&#8220;default&#8220; background_image=&#8220;http:\/\/www.cemengineering.it\/wp-content\/uploads\/CEM-About-us-Our-commitment.webp&#8220; custom_margin=&#8220;0px||0px||false|false&#8220; custom_margin_tablet=&#8220;0px||60px||false|false&#8220; custom_margin_phone=&#8220;||45px||false|false&#8220; custom_margin_last_edited=&#8220;on|tablet&#8220; custom_padding=&#8220;0px||0px||false|false&#8220; global_colors_info=&#8220;{}&#8220;][\/et_pb_image][\/et_pb_column][\/et_pb_row][\/et_pb_section]\n","protected":false},"excerpt":{"rendered":"<p>Wer wir sindC.E.M. Industrial Transformers wurde gegr\u00fcndet, um der wachsenden Nachfrage von Industrie- und Versorgungskunden nach einem zuverl\u00e4ssigen und reaktionsschnellen Partner in der Transformatorenbranche gerecht zu werden.Mit mehr als 30 Jahren Erfahrung in diesem Sektor verf\u00fcgen wir \u00fcber ein tiefes Verst\u00e4ndnis der industriellen Herausforderungen und wenden modernste Techniken an, um hocheffiziente, langlebige und kosteng\u00fcnstige L\u00f6sungen zu entwickeln.Unser AuftragDie Hauptaufgabe von C.E.M. ist die Entwicklung und Herstellung von Wicklungen f\u00fcr spezielle Industrietransformatoren und Leistungstransformatoren f\u00fcr die Erzeugung, \u00dcbertragung und Verteilung von Elektrizit\u00e4t, wobei die h\u00f6chsten Standards f\u00fcr Qualit\u00e4t, Leistung und Zuverl\u00e4ssigkeit erf\u00fcllt und \u00fcbertroffen werden. Wir arbeiten eng mit unseren Kunden zusammen, um ma\u00dfgeschneiderte L\u00f6sungen zu entwickeln, die auf ihre spezifischen betrieblichen und technischen Anforderungen zugeschnitten sind.Der Gro\u00dfteil unserer Ressourcen wird in Forschung und Entwicklung investiert, wobei wir uns auf die Innovation von Spezialtransformatoren konzentrieren, die f\u00fcr komplexe industrielle Anforderungen entwickelt wurden. Jede Wicklung wird von unserem Expertenteam unter Verwendung der fortschrittlichsten verf\u00fcgbaren Technologien sorgf\u00e4ltig entworfen.Unser EngagementWir bei C.E.M. sind davon \u00fcberzeugt, dass Innovation unerl\u00e4sslich ist, um in einer sich schnell entwickelnden Branche immer einen Schritt voraus zu sein. Unsere Forschungs- und Entwicklungsarbeit zielt darauf ab, die Transformatorentechnologie zu verbessern, die Effizienz zu steigern und sich an die neuesten Entwicklungen der [&hellip;]<\/p>\n","protected":false},"author":2,"featured_media":0,"parent":0,"menu_order":0,"comment_status":"closed","ping_status":"closed","template":"","meta":{"_et_pb_use_builder":"on","_et_pb_old_content":"","_et_gb_content_width":"","footnotes":""},"class_list":["post-843","page","type-page","status-publish","hentry"],"_links":{"self":[{"href":"https:\/\/www.cemengineering.it\/de\/wp-json\/wp\/v2\/pages\/843","targetHints":{"allow":["GET"]}}],"collection":[{"href":"https:\/\/www.cemengineering.it\/de\/wp-json\/wp\/v2\/pages"}],"about":[{"href":"https:\/\/www.cemengineering.it\/de\/wp-json\/wp\/v2\/types\/page"}],"author":[{"embeddable":true,"href":"https:\/\/www.cemengineering.it\/de\/wp-json\/wp\/v2\/users\/2"}],"replies":[{"embeddable":true,"href":"https:\/\/www.cemengineering.it\/de\/wp-json\/wp\/v2\/comments?post=843"}],"version-history":[{"count":1,"href":"https:\/\/www.cemengineering.it\/de\/wp-json\/wp\/v2\/pages\/843\/revisions"}],"predecessor-version":[{"id":844,"href":"https:\/\/www.cemengineering.it\/de\/wp-json\/wp\/v2\/pages\/843\/revisions\/844"}],"wp:attachment":[{"href":"https:\/\/www.cemengineering.it\/de\/wp-json\/wp\/v2\/media?parent=843"}],"curies":[{"name":"wp","href":"https:\/\/api.w.org\/{rel}","templated":true}]}}