{"id":860,"date":"2026-05-08T12:12:57","date_gmt":"2026-05-08T12:12:57","guid":{"rendered":"https:\/\/www.cemengineering.it\/scheibenwicklungen\/"},"modified":"2026-05-15T08:03:41","modified_gmt":"2026-05-15T08:03:41","slug":"scheibenwicklungen","status":"publish","type":"page","link":"https:\/\/www.cemengineering.it\/de\/scheibenwicklungen\/","title":{"rendered":"Scheibenwicklungen"},"content":{"rendered":"\n[et_pb_section fb_built=&#8220;1&#8243; custom_padding_last_edited=&#8220;on|tablet&#8220; _builder_version=&#8220;4.27.6&#8243; _module_preset=&#8220;default&#8220; background_color=&#8220;gcid-ab7ff4dd-e087-4553-8299-16fb58deb3ad&#8220; background_image=&#8220;http:\/\/www.cemengineering.it\/wp-content\/uploads\/CEM-Spiral-Dark-blue-1.png&#8220; background_size=&#8220;initial&#8220; background_position=&#8220;center_right&#8220; custom_margin=&#8220;0px||0px||false|false&#8220; custom_padding=&#8220;10vh||10vh||true|false&#8220; custom_padding_tablet=&#8220;180px||200px||false|false&#8220; custom_padding_phone=&#8220;110px||90px||false|false&#8220; global_colors_info=&#8220;{%22gcid-ab7ff4dd-e087-4553-8299-16fb58deb3ad%22:%91%22background_color%22%93}&#8220;][et_pb_row module_class=&#8220;construction-20-inlbtnsc&#8220; _builder_version=&#8220;4.22.2&#8243; _module_preset=&#8220;default&#8220; width=&#8220;90%&#8220; max_width=&#8220;1270px&#8220; custom_margin=&#8220;0px||0px||false|false&#8220; custom_padding=&#8220;0px||0px||false|false&#8220; animation_style=&#8220;slide&#8220; animation_direction=&#8220;left&#8220; animation_speed_curve=&#8220;ease&#8220; global_colors_info=&#8220;{}&#8220;][et_pb_column type=&#8220;4_4&#8243; _builder_version=&#8220;4.22.1&#8243; _module_preset=&#8220;default&#8220; global_colors_info=&#8220;{}&#8220;][et_pb_heading title=&#8220;@ET-DC@eyJkeW5hbWljIjp0cnVlLCJjb250ZW50IjoicG9zdF90aXRsZSIsInNldHRpbmdzIjp7ImJlZm9yZSI6IiIsImFmdGVyIjoiIiwiZW5hYmxlX2h0bWwiOiJvZmYifX0=@&#8220; _builder_version=&#8220;4.27.6&#8243; _dynamic_attributes=&#8220;title&#8220; _module_preset=&#8220;default&#8220; title_text_color=&#8220;#FFFFFF&#8220; global_colors_info=&#8220;{}&#8220;][\/et_pb_heading][\/et_pb_column][\/et_pb_row][\/et_pb_section][et_pb_section fb_built=&#8220;1&#8243; custom_padding_last_edited=&#8220;off|desktop&#8220; _builder_version=&#8220;4.27.6&#8243; _module_preset=&#8220;default&#8220; background_color=&#8220;gcid-f0dddfbb-c8ce-4299-ac52-af94142b1149&#8243; custom_padding=&#8220;100px||100px||true|false&#8220; custom_padding_tablet=&#8220;90px||100px||false|false&#8220; custom_padding_phone=&#8220;85px||90px||false|false&#8220; global_colors_info=&#8220;{%22gcid-f0dddfbb-c8ce-4299-ac52-af94142b1149%22:%91%22background_color%22%93}&#8220;][et_pb_row _builder_version=&#8220;4.27.6&#8243; _module_preset=&#8220;default&#8220; custom_padding=&#8220;0px||0px||true|false&#8220; global_colors_info=&#8220;{}&#8220;][et_pb_column type=&#8220;4_4&#8243; _builder_version=&#8220;4.27.6&#8243; _module_preset=&#8220;default&#8220; animation_style=&#8220;slide&#8220; animation_duration=&#8220;700ms&#8220; animation_delay=&#8220;500ms&#8220; animation_speed_curve=&#8220;ease&#8220; global_colors_info=&#8220;{}&#8220;][et_pb_text _builder_version=&#8220;4.27.6&#8243; _module_preset=&#8220;default&#8220; text_font_size=&#8220;18px&#8220; global_colors_info=&#8220;{}&#8220;]Senkrecht zur Kernachse gewickelte Windungen, die einzelne, in Reihe geschaltete Scheiben bilden. Spezielle \u00d6lkan\u00e4le zwischen den Scheiben sorgen f\u00fcr eine effektive K\u00fchlung. F\u00fcr eine bessere Verteilung der Impulsspannung sind verschachtelte Konfigurationen erh\u00e4ltlich.[\/et_pb_text][\/et_pb_column][\/et_pb_row][\/et_pb_section][et_pb_section fb_built=&#8220;1&#8243; custom_padding_last_edited=&#8220;on|phone&#8220; _builder_version=&#8220;4.22.1&#8243; _module_preset=&#8220;default&#8220; custom_margin=&#8220;0px||0px||false|false&#8220; custom_padding=&#8220;120px||120px||true|false&#8220; custom_padding_tablet=&#8220;120px||120px||false|false&#8220; custom_padding_phone=&#8220;90px||75px||false|false&#8220; global_colors_info=&#8220;{}&#8220;][et_pb_row column_structure=&#8220;1_3,2_3&#8243; make_equal=&#8220;on&#8220; _builder_version=&#8220;4.27.6&#8243; _module_preset=&#8220;default&#8220; custom_margin=&#8220;0px||0px||false|false&#8220; custom_padding=&#8220;0px||0px||false|false&#8220; locked=&#8220;off&#8220; global_colors_info=&#8220;{}&#8220;][et_pb_column type=&#8220;1_3&#8243; module_class=&#8220;iq-centra-verticale&#8220; _builder_version=&#8220;4.27.6&#8243; _module_preset=&#8220;default&#8220; animation_style=&#8220;slide&#8220; animation_direction=&#8220;left&#8220; animation_duration=&#8220;700ms&#8220; animation_delay=&#8220;500ms&#8220; global_colors_info=&#8220;{}&#8220; custom_css_after_last_edited=&#8220;off|desktop&#8220; custom_css_after_tablet=&#8220;display:none;&#8220; custom_css_after_phone=&#8220;display:none;&#8220;][et_pb_image src=&#8220;http:\/\/www.cemengineering.it\/wp-content\/uploads\/CEM-Circle-Light-blue-Top-left.webp&#8220; align=&#8220;center&#8220; force_fullwidth=&#8220;on&#8220; _builder_version=&#8220;4.27.6&#8243; _module_preset=&#8220;default&#8220; background_color=&#8220;gcid-primary-color&#8220; background_enable_image=&#8220;off&#8220; parallax=&#8220;on&#8220; transform_translate=&#8220;0px|-20px&#8220; transform_translate_linked=&#8220;off&#8220; custom_margin=&#8220;0px||0px||false|false&#8220; custom_margin_tablet=&#8220;0px||60px||false|false&#8220; custom_margin_phone=&#8220;||45px||false|false&#8220; custom_margin_last_edited=&#8220;on|tablet&#8220; custom_padding=&#8220;0px||0px||false|false&#8220; animation_direction=&#8220;left&#8220; border_color_all=&#8220;#FFFFFF&#8220; global_colors_info=&#8220;{%22gcid-primary-color%22:%91%22background_color%22%93}&#8220;][\/et_pb_image][et_pb_text _builder_version=&#8220;4.27.6&#8243; _module_preset=&#8220;default&#8220; text_font=&#8220;&#8211;et_global_heading_font|700|||||||&#8220; text_text_color=&#8220;#FFFFFF&#8220; text_font_size=&#8220;60px&#8220; text_letter_spacing=&#8220;6px&#8220; positioning=&#8220;absolute&#8220; position_origin_a=&#8220;center_center&#8220; z_index=&#8220;500&#8243; text_orientation=&#8220;center&#8220; width=&#8220;100%&#8220; global_colors_info=&#8220;{}&#8220;]<p>DW<\/p>[\/et_pb_text][\/et_pb_column][et_pb_column type=&#8220;2_3&#8243; _builder_version=&#8220;4.22.2&#8243; _module_preset=&#8220;default&#8220; custom_padding=&#8220;|||10px|false|false&#8220; custom_padding_tablet=&#8220;|||0px|false|false&#8220; custom_padding_phone=&#8220;|||0px|false|false&#8220; custom_padding_last_edited=&#8220;on|tablet&#8220; animation_style=&#8220;slide&#8220; animation_direction=&#8220;right&#8220; animation_duration=&#8220;700ms&#8220; animation_delay=&#8220;750ms&#8220; animation_speed_curve=&#8220;ease&#8220; custom_css_main_element=&#8220;margin:auto;&#8220; global_colors_info=&#8220;{}&#8220;][et_pb_text _builder_version=&#8220;4.27.6&#8243; _module_preset=&#8220;default&#8220; animation_direction=&#8220;bottom&#8220; global_colors_info=&#8220;{}&#8220;]<h2>Entwurfsbegr\u00fcndung<\/h2>[\/et_pb_text][et_pb_text _builder_version=&#8220;4.27.6&#8243; _module_preset=&#8220;default&#8220; global_colors_info=&#8220;{}&#8220;]<p>Scheibenwicklungen zeichnen sich durch <strong>senkrecht zur Kernachse<\/strong> gewickelte Windungen aus, die einzelne, in Reihe geschaltete und entlang der axialen Richtung angeordnete Scheiben bilden. Durch Abstandshalter zwischen benachbarten Scheiben werden spezielle \u00d6lkan\u00e4le geschaffen, die eine hocheffektive und geometrisch vorhersehbare K\u00fchlung \u00fcber die gesamte H\u00f6he der Wicklung erm\u00f6glichen. <\/p>\n<p>Diese Konstruktion wird vor allem bei <strong>Hochspannungsanwendungen<\/strong> eingesetzt, bei denen die Kombination aus hoher dielektrischer Spannung, Impulsspannungsleistung und mechanischer Widerstandsf\u00e4higkeit bei Kurzschlusskr\u00e4ften eine Wicklungsgeometrie erfordert, die der Lagenkonstruktion \u00fcberlegen ist. Scheibenwicklungen k\u00f6nnen entweder mit rechteckigen Leitern oder mit durchgehend transponierten Kabeln (CTC) hergestellt werden, wobei die Wahl des Leiters von der Stromst\u00e4rke und den zus\u00e4tzlichen Verlustanforderungen der jeweiligen Konstruktion abh\u00e4ngt. <\/p>\n<p>Durch <strong>verschachtelte Scheibenkonfigurationen<\/strong> kann die Serienkapazit\u00e4t der Wicklung deutlich erh\u00f6ht werden. Dies ver\u00e4ndert die anf\u00e4ngliche Spannungsverteilung unter Blitzimpulsbedingungen und bringt sie n\u00e4her an die gleichm\u00e4\u00dfige Verteilung heran. Dadurch wird die Spannungskonzentration in den Endscheiben verringert und die Impulsfestigkeit der gesamten Wicklung verbessert. <\/p>[\/et_pb_text][et_pb_text _builder_version=&#8220;4.27.6&#8243; _module_preset=&#8220;default&#8220; global_colors_info=&#8220;{}&#8220; disabled_on=&#8220;on|on|on&#8220; disabled=&#8220;on&#8220;]<h3>Technische Daten<\/h3>\n<table border=\"1\" style=\"border-collapse: collapse; width: 100%; height: 64px;\">\n<tbody>\n<tr style=\"height: 10px;\">\n<td style=\"width: 50%; height: 10px;\">Geometrie der Wicklung<\/td>\n<td style=\"width: 50%; height: 10px;\"><strong>Scheibe (axiale Reihe)<\/strong><\/td>\n<\/tr>\n<tr style=\"height: 10px;\">\n<td style=\"width: 50%; height: 10px;\">Leiter-Optionen<\/td>\n<td style=\"width: 50%; height: 10px;\"><strong>Rechtwinklig \/ CTC<\/strong><\/td>\n<\/tr>\n<tr style=\"height: 10px;\">\n<td style=\"width: 50%; height: 10px;\">Prim\u00e4re Anwendung<\/td>\n<td style=\"width: 50%; height: 10px;\"><strong>Hochspannung<\/strong><\/td>\n<\/tr>\n<tr style=\"height: 10px;\">\n<td style=\"width: 50%; height: 10px;\">K\u00fchlung<\/td>\n<td style=\"width: 50%; height: 10px;\"><strong>Axiale \u00d6lkan\u00e4le (Abstandshalter)<\/strong><\/td>\n<\/tr>\n<tr>\n<td style=\"width: 50%;\">Sonderkonfiguration.<\/td>\n<td style=\"width: 50%;\"><p><strong>Verschachtelte Discs<\/p>\n<p><\/strong><\/td>\n<\/tr>\n<\/tbody>\n<\/table>[\/et_pb_text][\/et_pb_column][\/et_pb_row][\/et_pb_section][et_pb_section fb_built=&#8220;1&#8243; custom_padding_last_edited=&#8220;on|tablet&#8220; disabled_on=&#8220;off|off|off&#8220; _builder_version=&#8220;4.27.6&#8243; _module_preset=&#8220;default&#8220; background_color=&#8220;gcid-primary-color&#8220; background_image=&#8220;http:\/\/www.cemengineering.it\/wp-content\/uploads\/CEM-Spiral-Blue.png&#8220; parallax=&#8220;on&#8220; parallax_method=&#8220;off&#8220; custom_margin=&#8220;0px||0px||false|false&#8220; custom_padding=&#8220;10vh||10vh||true|false&#8220; custom_padding_tablet=&#8220;180px||200px||false|false&#8220; custom_padding_phone=&#8220;110px||90px||false|false&#8220; locked=&#8220;off&#8220; global_colors_info=&#8220;{%22gcid-primary-color%22:%91%22background_color%22,%22background_color%22,%22background_color%22%93,%22gcid-secondary-color%22:%91%22background_color%22%93}&#8220;][et_pb_row _builder_version=&#8220;4.27.6&#8243; _module_preset=&#8220;default&#8220; custom_margin_tablet=&#8220;0px||70px||false|false&#8220; custom_margin_phone=&#8220;0px||45px||false|false&#8220; custom_margin_last_edited=&#8220;off|desktop&#8220; custom_padding=&#8220;0px||0px||true|false&#8220; animation_style=&#8220;slide&#8220; animation_direction=&#8220;bottom&#8220; animation_duration=&#8220;700ms&#8220; animation_delay=&#8220;500ms&#8220; animation_speed_curve=&#8220;ease&#8220; global_colors_info=&#8220;{}&#8220;][et_pb_column type=&#8220;4_4&#8243; _builder_version=&#8220;4.22.1&#8243; _module_preset=&#8220;default&#8220; global_colors_info=&#8220;{}&#8220;][et_pb_text _builder_version=&#8220;4.27.6&#8243; _module_preset=&#8220;default&#8220; text_orientation=&#8220;center&#8220; background_layout=&#8220;dark&#8220; animation_direction=&#8220;bottom&#8220; global_colors_info=&#8220;{}&#8220;]<h2>Wichtige technische Merkmale<\/h2>[\/et_pb_text][\/et_pb_column][\/et_pb_row][et_pb_row column_structure=&#8220;1_2,1_2&#8243; _builder_version=&#8220;4.27.6&#8243; _module_preset=&#8220;default&#8220; custom_margin_tablet=&#8220;0px||70px||false|false&#8220; custom_margin_phone=&#8220;0px||45px||false|false&#8220; custom_margin_last_edited=&#8220;off|desktop&#8220; custom_padding=&#8220;||0px||false|false&#8220; animation_style=&#8220;slide&#8220; animation_direction=&#8220;bottom&#8220; animation_duration=&#8220;700ms&#8220; animation_delay=&#8220;500ms&#8220; animation_speed_curve=&#8220;ease&#8220; global_colors_info=&#8220;{}&#8220;][et_pb_column type=&#8220;1_2&#8243; _builder_version=&#8220;4.22.1&#8243; _module_preset=&#8220;default&#8220; global_colors_info=&#8220;{}&#8220;][et_pb_blurb title=&#8220;Serie Disc Architektur&#8220; use_icon=&#8220;on&#8220; font_icon=&#8220;&#xf14a;||fa||400&#8243; icon_color=&#8220;#FFFFFF&#8220; icon_placement=&#8220;left&#8220; image_icon_width=&#8220;30px&#8220; content_max_width=&#8220;100%&#8220; _builder_version=&#8220;4.27.6&#8243; _module_preset=&#8220;default&#8220; header_font=&#8220;|||on|||||&#8220; header_text_align=&#8220;left&#8220; header_font_size=&#8220;15px&#8220; header_line_height=&#8220;1.4em&#8220; image_icon_custom_margin=&#8220;0px||0px||false|false&#8220; image_icon_custom_padding=&#8220;0px||0px||false|false&#8220; background_layout=&#8220;dark&#8220; custom_margin=&#8220;0px||13px||false|false&#8220; custom_padding=&#8220;0px||0px||false|false&#8220; animation=&#8220;off&#8220; custom_css_blurb_title=&#8220;margin-top:3px;&#8220; custom_css_blurb_content=&#8220;margin:0px;&#8220; global_colors_info=&#8220;{}&#8220;]Einzelne Scheiben, die in axialer Richtung in Reihe geschaltet sind, verteilen die gesamte Wicklungsspannung gleichm\u00e4\u00dfig \u00fcber den Scheibenstapel und sorgen so f\u00fcr eine kontrollierte Spannung zwischen den Scheiben unter allen Betriebsbedingungen.[\/et_pb_blurb][et_pb_blurb title=&#8220;Verschachtelte Konfiguration&#8220; use_icon=&#8220;on&#8220; font_icon=&#8220;&#xf14a;||fa||400&#8243; icon_color=&#8220;#FFFFFF&#8220; icon_placement=&#8220;left&#8220; image_icon_width=&#8220;30px&#8220; content_max_width=&#8220;100%&#8220; _builder_version=&#8220;4.27.6&#8243; _module_preset=&#8220;default&#8220; header_font=&#8220;|||on|||||&#8220; header_text_align=&#8220;left&#8220; header_font_size=&#8220;15px&#8220; header_line_height=&#8220;1.4em&#8220; image_icon_custom_margin=&#8220;0px||0px||false|false&#8220; image_icon_custom_padding=&#8220;0px||0px||false|false&#8220; background_layout=&#8220;dark&#8220; custom_margin=&#8220;0px||13px||false|false&#8220; custom_padding=&#8220;0px||0px||false|false&#8220; animation=&#8220;off&#8220; custom_css_blurb_title=&#8220;margin-top:3px;&#8220; custom_css_blurb_content=&#8220;margin:0px;&#8220; global_colors_info=&#8220;{%22gcid-secondary-color%22:%91%22icon_color%22%93}&#8220;]<p>Die Verschachtelung benachbarter Scheibenwindungen erh\u00f6ht die Serienkapazit\u00e4t der Wicklung und verbessert so die anf\u00e4ngliche Spannungsverteilung unter Blitzeinwirkung (BIL) &#8211; ein kritischer Parameter f\u00fcr Transformatoren in hohen Spannungsklassen.<\/p>[\/et_pb_blurb][\/et_pb_column][et_pb_column type=&#8220;1_2&#8243; _builder_version=&#8220;4.22.1&#8243; _module_preset=&#8220;default&#8220; global_colors_info=&#8220;{}&#8220;][et_pb_blurb title=&#8220;Axiale \u00d6lkanalk\u00fchlung&#8220; use_icon=&#8220;on&#8220; font_icon=&#8220;&#xf14a;||fa||400&#8243; icon_color=&#8220;#FFFFFF&#8220; icon_placement=&#8220;left&#8220; image_icon_width=&#8220;30px&#8220; content_max_width=&#8220;100%&#8220; _builder_version=&#8220;4.27.6&#8243; _module_preset=&#8220;default&#8220; header_font=&#8220;|||on|||||&#8220; header_text_align=&#8220;left&#8220; header_font_size=&#8220;15px&#8220; header_line_height=&#8220;1.4em&#8220; image_icon_custom_margin=&#8220;0px||0px||false|false&#8220; image_icon_custom_padding=&#8220;0px||0px||false|false&#8220; background_layout=&#8220;dark&#8220; custom_margin=&#8220;0px||13px||false|false&#8220; custom_padding=&#8220;0px||0px||false|false&#8220; animation=&#8220;off&#8220; custom_css_blurb_title=&#8220;margin-top:3px;&#8220; custom_css_blurb_content=&#8220;margin:0px;&#8220; global_colors_info=&#8220;{%22gcid-secondary-color%22:%91%22icon_color%22%93}&#8220;]Durch Abstandshalter zwischen benachbarten Scheiben entstehen geometrisch definierte axiale \u00d6lkan\u00e4le, die eine gleichm\u00e4\u00dfige Verteilung des \u00d6lstroms und einen vorhersehbaren Temperaturgradienten \u00fcber die gesamte Wickelh\u00f6he gew\u00e4hrleisten.[\/et_pb_blurb][et_pb_blurb title=&#8220;Short-Circuit Withstand&#8220; use_icon=&#8220;on&#8220; font_icon=&#8220;&#xf14a;||fa||400&#8243; icon_color=&#8220;#FFFFFF&#8220; icon_placement=&#8220;left&#8220; image_icon_width=&#8220;30px&#8220; content_max_width=&#8220;100%&#8220; _builder_version=&#8220;4.27.6&#8243; _module_preset=&#8220;default&#8220; header_font=&#8220;|||on|||||&#8220; header_text_align=&#8220;left&#8220; header_font_size=&#8220;15px&#8220; header_line_height=&#8220;1.4em&#8220; image_icon_custom_margin=&#8220;0px||0px||false|false&#8220; image_icon_custom_padding=&#8220;0px||0px||false|false&#8220; background_layout=&#8220;dark&#8220; custom_margin=&#8220;0px||13px||false|false&#8220; custom_padding=&#8220;0px||0px||false|false&#8220; animation=&#8220;off&#8220; custom_css_blurb_title=&#8220;margin-top:3px;&#8220; custom_css_blurb_content=&#8220;margin:0px;&#8220; global_colors_info=&#8220;{%22gcid-secondary-color%22:%91%22icon_color%22%93}&#8220;]Die Scheibengeometrie verteilt die axialen und radialen elektromagnetischen Kr\u00e4fte auf eine gro\u00dfe Anzahl von Leiterschnittstellen und sorgt so f\u00fcr eine \u00fcberlegene mechanische Kurzschlussfestigkeit im Vergleich zur Lagenkonstruktion bei gleicher Spannung und Leistung.[\/et_pb_blurb][\/et_pb_column][\/et_pb_row][\/et_pb_section][et_pb_section fb_built=&#8220;1&#8243; custom_padding_last_edited=&#8220;on|phone&#8220; _builder_version=&#8220;4.22.1&#8243; _module_preset=&#8220;default&#8220; custom_margin=&#8220;0px||0px||false|false&#8220; custom_padding=&#8220;120px||120px||true|false&#8220; custom_padding_tablet=&#8220;120px||120px||false|false&#8220; custom_padding_phone=&#8220;90px||75px||false|false&#8220; global_colors_info=&#8220;{}&#8220;][et_pb_row make_equal=&#8220;on&#8220; _builder_version=&#8220;4.27.6&#8243; _module_preset=&#8220;default&#8220; custom_margin=&#8220;0px||0px||false|false&#8220; custom_padding=&#8220;0px||0px||false|false&#8220; global_colors_info=&#8220;{}&#8220;][et_pb_column type=&#8220;4_4&#8243; _builder_version=&#8220;4.22.2&#8243; _module_preset=&#8220;default&#8220; custom_padding=&#8220;|||10px|false|false&#8220; custom_padding_tablet=&#8220;|||0px|false|false&#8220; custom_padding_phone=&#8220;|||0px|false|false&#8220; custom_padding_last_edited=&#8220;on|tablet&#8220; animation_style=&#8220;slide&#8220; animation_direction=&#8220;right&#8220; animation_duration=&#8220;700ms&#8220; animation_delay=&#8220;750ms&#8220; animation_speed_curve=&#8220;ease&#8220; custom_css_main_element=&#8220;margin:auto;&#8220; global_colors_info=&#8220;{}&#8220;][et_pb_text _builder_version=&#8220;4.27.6&#8243; _module_preset=&#8220;default&#8220; global_colors_info=&#8220;{}&#8220;]<h3>Technische Anmerkung<\/h3>\n<p><strong>Verflechtung und Impulsleistung<\/strong> &#8211; Die anf\u00e4ngliche Spannungsverteilung in einer Scheibenwicklung unter Impuls wird durch das Verh\u00e4ltnis von Serien- zu Erdkapazit\u00e4t (\u03b1-Faktor) bestimmt. Standard-Scheibenwicklungen haben von Natur aus eine ungleichm\u00e4\u00dfige Anfangsverteilung, wodurch sich die Belastung auf die Scheiben am Leitungsende konzentriert. Durch die Verflechtung wird die Windungsreihenfolge innerhalb jeder Scheibe neu angeordnet, um die Serienkapazit\u00e4t zu erh\u00f6hen, ohne die elektrischen Parameter der Wicklung zu ver\u00e4ndern, wodurch der Verteilungskoeffizient Kd n\u00e4her an 1,0 heranr\u00fcckt. Der erforderliche Verschachtelungsgrad wird w\u00e4hrend der elektromagnetischen Designphase auf der Grundlage der BIL-Klasse und der Kapazit\u00e4tsgeometrie der Wicklung bestimmt.   <\/p>[\/et_pb_text][\/et_pb_column][\/et_pb_row][\/et_pb_section][et_pb_section fb_built=&#8220;1&#8243; _builder_version=&#8220;4.27.6&#8243; _module_preset=&#8220;default&#8220; background_color=&#8220;gcid-f0dddfbb-c8ce-4299-ac52-af94142b1149&#8243; global_module=&#8220;406&#8243; global_colors_info=&#8220;{%22gcid-f0dddfbb-c8ce-4299-ac52-af94142b1149%22:%91%22background_color%22%93}&#8220;][et_pb_row column_structure=&#8220;2_3,1_3&#8243; make_equal=&#8220;on&#8220; _builder_version=&#8220;4.27.6&#8243; _module_preset=&#8220;default&#8220; custom_margin=&#8220;0px||0px||false|false&#8220; custom_padding=&#8220;0px||0px||false|false&#8220; global_colors_info=&#8220;{}&#8220;][et_pb_column type=&#8220;2_3&#8243; module_class=&#8220;iq-centra-verticale&#8220; _builder_version=&#8220;4.27.6&#8243; _module_preset=&#8220;default&#8220; animation_style=&#8220;slide&#8220; animation_direction=&#8220;left&#8220; animation_duration=&#8220;700ms&#8220; animation_delay=&#8220;500ms&#8220; global_colors_info=&#8220;{}&#8220; custom_css_after_last_edited=&#8220;off|desktop&#8220; custom_css_after_tablet=&#8220;display:none;&#8220; custom_css_after_phone=&#8220;display:none;&#8220;][et_pb_text _builder_version=&#8220;4.27.6&#8243; _module_preset=&#8220;default&#8220; global_colors_info=&#8220;{}&#8220;]<h2>Fordern Sie eine technische Beratung an<br\/><\/h2>[\/et_pb_text][\/et_pb_column][et_pb_column type=&#8220;1_3&#8243; _builder_version=&#8220;4.22.2&#8243; _module_preset=&#8220;default&#8220; custom_padding=&#8220;|||10px|false|false&#8220; custom_padding_tablet=&#8220;|||0px|false|false&#8220; custom_padding_phone=&#8220;|||0px|false|false&#8220; custom_padding_last_edited=&#8220;on|tablet&#8220; animation_style=&#8220;slide&#8220; animation_direction=&#8220;right&#8220; animation_duration=&#8220;700ms&#8220; animation_delay=&#8220;750ms&#8220; animation_speed_curve=&#8220;ease&#8220; custom_css_main_element=&#8220;margin:auto;&#8220; global_colors_info=&#8220;{}&#8220;][\/et_pb_column][\/et_pb_row][et_pb_row column_structure=&#8220;2_3,1_3&#8243; make_equal=&#8220;on&#8220; _builder_version=&#8220;4.27.6&#8243; _module_preset=&#8220;default&#8220; custom_margin=&#8220;0px||0px||false|false&#8220; custom_padding=&#8220;0px||0px||false|false&#8220; global_colors_info=&#8220;{}&#8220;][et_pb_column type=&#8220;2_3&#8243; module_class=&#8220;iq-centra-verticale&#8220; _builder_version=&#8220;4.27.6&#8243; _module_preset=&#8220;default&#8220; animation_style=&#8220;slide&#8220; animation_direction=&#8220;left&#8220; animation_duration=&#8220;700ms&#8220; animation_delay=&#8220;500ms&#8220; global_colors_info=&#8220;{}&#8220; custom_css_after_last_edited=&#8220;off|desktop&#8220; custom_css_after_tablet=&#8220;display:none;&#8220; custom_css_after_phone=&#8220;display:none;&#8220;][et_pb_text _builder_version=&#8220;4.27.6&#8243; _module_preset=&#8220;default&#8220; global_colors_info=&#8220;{}&#8220;]<p>Kundenspezifische Spezifikationen, Zeichnungen und Lieferzeiten auf Anfrage<\/p>[\/et_pb_text][\/et_pb_column][et_pb_column type=&#8220;1_3&#8243; _builder_version=&#8220;4.22.2&#8243; _module_preset=&#8220;default&#8220; custom_padding=&#8220;|||10px|false|false&#8220; custom_padding_tablet=&#8220;|||0px|false|false&#8220; custom_padding_phone=&#8220;|||0px|false|false&#8220; custom_padding_last_edited=&#8220;on|tablet&#8220; animation_style=&#8220;slide&#8220; animation_direction=&#8220;right&#8220; animation_duration=&#8220;700ms&#8220; animation_delay=&#8220;750ms&#8220; animation_speed_curve=&#8220;ease&#8220; custom_css_main_element=&#8220;margin:auto;&#8220; global_colors_info=&#8220;{}&#8220;][et_pb_button button_url=&#8220;@ET-DC@eyJkeW5hbWljIjp0cnVlLCJjb250ZW50IjoicG9zdF9saW5rX3VybF9wYWdlIiwic2V0dGluZ3MiOnsicG9zdF9pZCI6IjE2NyIsImVuYWJsZV9odG1sIjoib2ZmIn19@&#8220; button_text=&#8220;Kontaktieren Sie unser Team&#8220; button_alignment=&#8220;center&#8220; _builder_version=&#8220;4.27.6&#8243; _dynamic_attributes=&#8220;button_url&#8220; _module_preset=&#8220;default&#8220; custom_css_main_element=&#8220;width:100%;&#8220; global_colors_info=&#8220;{}&#8220;][\/et_pb_button][\/et_pb_column][\/et_pb_row][\/et_pb_section]\n","protected":false},"excerpt":{"rendered":"<p>Senkrecht zur Kernachse gewickelte Windungen, die einzelne, in Reihe geschaltete Scheiben bilden. Spezielle \u00d6lkan\u00e4le zwischen den Scheiben sorgen f\u00fcr eine effektive K\u00fchlung. F\u00fcr eine bessere Verteilung der Impulsspannung sind verschachtelte Konfigurationen erh\u00e4ltlich.DWEntwurfsbegr\u00fcndungScheibenwicklungen zeichnen sich durch senkrecht zur Kernachse gewickelte Windungen aus, die einzelne, in Reihe geschaltete und entlang der axialen Richtung angeordnete Scheiben bilden. Durch Abstandshalter zwischen benachbarten Scheiben werden spezielle \u00d6lkan\u00e4le geschaffen, die eine hocheffektive und geometrisch vorhersehbare K\u00fchlung \u00fcber die gesamte H\u00f6he der Wicklung erm\u00f6glichen. Diese Konstruktion wird vor allem bei Hochspannungsanwendungen eingesetzt, bei denen die Kombination aus hoher dielektrischer Spannung, Impulsspannungsleistung und mechanischer Widerstandsf\u00e4higkeit bei Kurzschlusskr\u00e4ften eine Wicklungsgeometrie erfordert, die der Lagenkonstruktion \u00fcberlegen ist. Scheibenwicklungen k\u00f6nnen entweder mit rechteckigen Leitern oder mit durchgehend transponierten Kabeln (CTC) hergestellt werden, wobei die Wahl des Leiters von der Stromst\u00e4rke und den zus\u00e4tzlichen Verlustanforderungen der jeweiligen Konstruktion abh\u00e4ngt. Durch verschachtelte Scheibenkonfigurationen kann die Serienkapazit\u00e4t der Wicklung deutlich erh\u00f6ht werden. Dies ver\u00e4ndert die anf\u00e4ngliche Spannungsverteilung unter Blitzimpulsbedingungen und bringt sie n\u00e4her an die gleichm\u00e4\u00dfige Verteilung heran. Dadurch wird die Spannungskonzentration in den Endscheiben verringert und die Impulsfestigkeit der gesamten Wicklung verbessert. Technische Daten Geometrie der Wicklung Scheibe (axiale Reihe) Leiter-Optionen Rechtwinklig \/ CTC Prim\u00e4re Anwendung Hochspannung K\u00fchlung Axiale \u00d6lkan\u00e4le (Abstandshalter) Sonderkonfiguration. Verschachtelte [&hellip;]<\/p>\n","protected":false},"author":2,"featured_media":0,"parent":0,"menu_order":0,"comment_status":"closed","ping_status":"closed","template":"","meta":{"_et_pb_use_builder":"on","_et_pb_old_content":"","_et_gb_content_width":"","footnotes":""},"class_list":["post-860","page","type-page","status-publish","hentry"],"_links":{"self":[{"href":"https:\/\/www.cemengineering.it\/de\/wp-json\/wp\/v2\/pages\/860","targetHints":{"allow":["GET"]}}],"collection":[{"href":"https:\/\/www.cemengineering.it\/de\/wp-json\/wp\/v2\/pages"}],"about":[{"href":"https:\/\/www.cemengineering.it\/de\/wp-json\/wp\/v2\/types\/page"}],"author":[{"embeddable":true,"href":"https:\/\/www.cemengineering.it\/de\/wp-json\/wp\/v2\/users\/2"}],"replies":[{"embeddable":true,"href":"https:\/\/www.cemengineering.it\/de\/wp-json\/wp\/v2\/comments?post=860"}],"version-history":[{"count":1,"href":"https:\/\/www.cemengineering.it\/de\/wp-json\/wp\/v2\/pages\/860\/revisions"}],"predecessor-version":[{"id":861,"href":"https:\/\/www.cemengineering.it\/de\/wp-json\/wp\/v2\/pages\/860\/revisions\/861"}],"wp:attachment":[{"href":"https:\/\/www.cemengineering.it\/de\/wp-json\/wp\/v2\/media?parent=860"}],"curies":[{"name":"wp","href":"https:\/\/api.w.org\/{rel}","templated":true}]}}