{"id":868,"date":"2026-05-08T12:12:59","date_gmt":"2026-05-08T12:12:59","guid":{"rendered":"https:\/\/www.cemengineering.it\/niederspannungswicklungen-fuer-ofentransformatoren\/"},"modified":"2026-05-15T08:05:11","modified_gmt":"2026-05-15T08:05:11","slug":"niederspannungswicklungen-fuer-ofentransformatoren","status":"publish","type":"page","link":"https:\/\/www.cemengineering.it\/de\/niederspannungswicklungen-fuer-ofentransformatoren\/","title":{"rendered":"Niederspannungswicklungen f\u00fcr Ofentransformatoren"},"content":{"rendered":"\n[et_pb_section fb_built=&#8220;1&#8243; custom_padding_last_edited=&#8220;on|tablet&#8220; _builder_version=&#8220;4.27.6&#8243; _module_preset=&#8220;default&#8220; background_color=&#8220;gcid-ab7ff4dd-e087-4553-8299-16fb58deb3ad&#8220; background_image=&#8220;http:\/\/www.cemengineering.it\/wp-content\/uploads\/CEM-Spiral-Dark-blue-1.png&#8220; background_size=&#8220;initial&#8220; background_position=&#8220;center_right&#8220; custom_margin=&#8220;0px||0px||false|false&#8220; custom_padding=&#8220;10vh||10vh||true|false&#8220; custom_padding_tablet=&#8220;180px||200px||false|false&#8220; custom_padding_phone=&#8220;110px||90px||false|false&#8220; global_colors_info=&#8220;{%22gcid-ab7ff4dd-e087-4553-8299-16fb58deb3ad%22:%91%22background_color%22%93}&#8220;][et_pb_row module_class=&#8220;construction-20-inlbtnsc&#8220; _builder_version=&#8220;4.22.2&#8243; _module_preset=&#8220;default&#8220; width=&#8220;90%&#8220; max_width=&#8220;1270px&#8220; custom_margin=&#8220;0px||0px||false|false&#8220; custom_padding=&#8220;0px||0px||false|false&#8220; animation_style=&#8220;slide&#8220; animation_direction=&#8220;left&#8220; animation_speed_curve=&#8220;ease&#8220; global_colors_info=&#8220;{}&#8220;][et_pb_column type=&#8220;4_4&#8243; _builder_version=&#8220;4.22.1&#8243; _module_preset=&#8220;default&#8220; global_colors_info=&#8220;{}&#8220;][et_pb_heading title=&#8220;@ET-DC@eyJkeW5hbWljIjp0cnVlLCJjb250ZW50IjoicG9zdF90aXRsZSIsInNldHRpbmdzIjp7ImJlZm9yZSI6IiIsImFmdGVyIjoiIiwiZW5hYmxlX2h0bWwiOiJvZmYifX0=@&#8220; _builder_version=&#8220;4.27.6&#8243; _dynamic_attributes=&#8220;title&#8220; _module_preset=&#8220;default&#8220; title_text_color=&#8220;#FFFFFF&#8220; global_colors_info=&#8220;{}&#8220;][\/et_pb_heading][\/et_pb_column][\/et_pb_row][\/et_pb_section][et_pb_section fb_built=&#8220;1&#8243; custom_padding_last_edited=&#8220;off|desktop&#8220; _builder_version=&#8220;4.27.6&#8243; _module_preset=&#8220;default&#8220; background_color=&#8220;gcid-f0dddfbb-c8ce-4299-ac52-af94142b1149&#8243; custom_padding=&#8220;100px||100px||true|false&#8220; custom_padding_tablet=&#8220;90px||100px||false|false&#8220; custom_padding_phone=&#8220;85px||90px||false|false&#8220; global_colors_info=&#8220;{%22gcid-f0dddfbb-c8ce-4299-ac52-af94142b1149%22:%91%22background_color%22%93}&#8220;][et_pb_row _builder_version=&#8220;4.27.6&#8243; _module_preset=&#8220;default&#8220; custom_padding=&#8220;0px||0px||true|false&#8220; global_colors_info=&#8220;{}&#8220;][et_pb_column type=&#8220;4_4&#8243; _builder_version=&#8220;4.27.6&#8243; _module_preset=&#8220;default&#8220; animation_style=&#8220;slide&#8220; animation_duration=&#8220;700ms&#8220; animation_delay=&#8220;500ms&#8220; animation_speed_curve=&#8220;ease&#8220; global_colors_info=&#8220;{}&#8220;][et_pb_text _builder_version=&#8220;4.27.6&#8243; _module_preset=&#8220;default&#8220; text_font_size=&#8220;18px&#8220; global_colors_info=&#8220;{}&#8220;]Niedrige Spannungen unter 1,5 kV, Str\u00f6me im Bereich von einigen zehn Kiloampere. Die parallele Scheibenkonstruktion bew\u00e4ltigt die extreme Stromdichte mit kontrollierter Isolierung zwischen den Scheiben und direkter \u00d6lk\u00fchlung.[\/et_pb_text][\/et_pb_column][\/et_pb_row][\/et_pb_section][et_pb_section fb_built=&#8220;1&#8243; custom_padding_last_edited=&#8220;on|phone&#8220; _builder_version=&#8220;4.22.1&#8243; _module_preset=&#8220;default&#8220; custom_margin=&#8220;0px||0px||false|false&#8220; custom_padding=&#8220;120px||120px||true|false&#8220; custom_padding_tablet=&#8220;120px||120px||false|false&#8220; custom_padding_phone=&#8220;90px||75px||false|false&#8220; global_colors_info=&#8220;{}&#8220;][et_pb_row column_structure=&#8220;1_3,2_3&#8243; make_equal=&#8220;on&#8220; _builder_version=&#8220;4.27.6&#8243; _module_preset=&#8220;default&#8220; custom_margin=&#8220;0px||0px||false|false&#8220; custom_padding=&#8220;0px||0px||false|false&#8220; global_colors_info=&#8220;{}&#8220;][et_pb_column type=&#8220;1_3&#8243; module_class=&#8220;iq-centra-verticale&#8220; _builder_version=&#8220;4.27.6&#8243; _module_preset=&#8220;default&#8220; animation_style=&#8220;slide&#8220; animation_direction=&#8220;left&#8220; animation_duration=&#8220;700ms&#8220; animation_delay=&#8220;500ms&#8220; global_colors_info=&#8220;{}&#8220; custom_css_after_last_edited=&#8220;off|desktop&#8220; custom_css_after_tablet=&#8220;display:none;&#8220; custom_css_after_phone=&#8220;display:none;&#8220;][et_pb_image src=&#8220;http:\/\/www.cemengineering.it\/wp-content\/uploads\/CEM-Circle-Light-blue-Bottom-right.webp&#8220; align=&#8220;center&#8220; force_fullwidth=&#8220;on&#8220; _builder_version=&#8220;4.27.6&#8243; _module_preset=&#8220;default&#8220; background_color=&#8220;gcid-primary-color&#8220; background_enable_image=&#8220;off&#8220; parallax=&#8220;on&#8220; transform_translate=&#8220;0px|20px&#8220; transform_translate_linked=&#8220;off&#8220; custom_margin=&#8220;0px||0px||false|false&#8220; custom_margin_tablet=&#8220;0px||60px||false|false&#8220; custom_margin_phone=&#8220;||45px||false|false&#8220; custom_margin_last_edited=&#8220;on|tablet&#8220; custom_padding=&#8220;0px||0px||false|false&#8220; animation_direction=&#8220;left&#8220; border_color_all=&#8220;#FFFFFF&#8220; global_colors_info=&#8220;{%22gcid-primary-color%22:%91%22background_color%22%93}&#8220;][\/et_pb_image][et_pb_text _builder_version=&#8220;4.27.6&#8243; _module_preset=&#8220;default&#8220; text_font=&#8220;&#8211;et_global_heading_font|700|||||||&#8220; text_text_color=&#8220;#FFFFFF&#8220; text_font_size=&#8220;60px&#8220; text_letter_spacing=&#8220;6px&#8220; positioning=&#8220;absolute&#8220; position_origin_a=&#8220;center_center&#8220; z_index=&#8220;500&#8243; text_orientation=&#8220;center&#8220; width=&#8220;100%&#8220; global_colors_info=&#8220;{}&#8220;]<p>LV-FT<\/p>[\/et_pb_text][\/et_pb_column][et_pb_column type=&#8220;2_3&#8243; _builder_version=&#8220;4.22.2&#8243; _module_preset=&#8220;default&#8220; custom_padding=&#8220;|||10px|false|false&#8220; custom_padding_tablet=&#8220;|||0px|false|false&#8220; custom_padding_phone=&#8220;|||0px|false|false&#8220; custom_padding_last_edited=&#8220;on|tablet&#8220; animation_style=&#8220;slide&#8220; animation_direction=&#8220;right&#8220; animation_duration=&#8220;700ms&#8220; animation_delay=&#8220;750ms&#8220; animation_speed_curve=&#8220;ease&#8220; custom_css_main_element=&#8220;margin:auto;&#8220; global_colors_info=&#8220;{}&#8220;][et_pb_text _builder_version=&#8220;4.27.6&#8243; _module_preset=&#8220;default&#8220; animation_direction=&#8220;bottom&#8220; global_colors_info=&#8220;{}&#8220;]<h2>Entwurfsbegr\u00fcndung<\/h2>[\/et_pb_text][et_pb_text _builder_version=&#8220;4.27.6&#8243; _module_preset=&#8220;default&#8220; global_colors_info=&#8220;{}&#8220;]<p>Niederspannungswicklungen f\u00fcr Ofentransformatoren arbeiten unter den anspruchsvollsten Strombedingungen in der industriellen Transformatorentechnik: Spannungen unter <strong>1,5 kV<\/strong> kombiniert mit Str\u00f6men im Bereich von <strong>einigen zehn Kiloampere<\/strong>. Aufgrund dieser extremen Stromdichte sind herk\u00f6mmliche Wendel- oder Lagenwicklungskonstruktionen ungeeignet &#8211; der f\u00fcr den Nennstrom erforderliche Leiterquerschnitt kann nicht in einer einzigen Wendellage untergebracht werden, ohne die mechanische Stabilit\u00e4t und die thermische Leistung der Wicklung zu beeintr\u00e4chtigen. <\/p>\n<p>Die f\u00fcr diese Anwendung gew\u00e4hlte L\u00f6sung besteht darin, die Spule als einen <strong>Satz von Scheiben mit einer begrenzten Anzahl von Windungen<\/strong> herzustellen <strong>, die axial angeordnet und parallel geschaltet<\/strong> sind. Durch die Parallelschaltung mehrerer Scheiben wird der Gesamtstrom auf den Scheibenstapel verteilt, wodurch der Strom pro Scheibe auf ein \u00fcberschaubares Ma\u00df reduziert wird, w\u00e4hrend die axiale Anordnung die mechanische Steifigkeit der Wicklung gegen\u00fcber den sehr hohen radialen und axialen elektromagnetischen Kr\u00e4ften bewahrt, die w\u00e4hrend des Ofenbetriebs erzeugt werden &#8211; einschlie\u00dflich der f\u00fcr den Betrieb eines Lichtbogenofens charakteristischen zyklischen Kurzschlussbedingungen. <\/p>\n<p>Die Scheiben sind durch spezielle Abstandshalter voneinander getrennt, die gleichzeitig f\u00fcr mechanischen Halt sorgen, den Isolationsabstand zwischen den Scheiben definieren und \u00d6lkan\u00e4le f\u00fcr die direkte K\u00fchlung der Leiteroberfl\u00e4che jeder Scheibe bilden.<\/p>[\/et_pb_text][et_pb_text _builder_version=&#8220;4.27.6&#8243; _module_preset=&#8220;default&#8220; global_colors_info=&#8220;{}&#8220; disabled_on=&#8220;on|on|on&#8220; disabled=&#8220;on&#8220;]<h3>Technische Daten<\/h3>\n<table border=\"1\" style=\"border-collapse: collapse; width: 100%; height: 64px;\">\n<tbody>\n<tr style=\"height: 24px;\">\n<td style=\"width: 50%; height: 24px;\">Spannungsbereich<\/td>\n<td style=\"width: 50%; height: 24px;\"><strong>&lt; 1,5 kV<\/strong><\/td>\n<\/tr>\n<tr style=\"height: 10px;\">\n<td style=\"width: 50%; height: 10px;\">Strombereich<\/td>\n<td style=\"width: 50%; height: 10px;\"><strong>Zig kA<\/strong><\/td>\n<\/tr>\n<tr style=\"height: 10px;\">\n<td style=\"width: 50%; height: 10px;\">Konstruktion<\/td>\n<td style=\"width: 50%; height: 10px;\"><strong>Paralleler Scheibenstapel<\/strong><\/td>\n<\/tr>\n<tr style=\"height: 10px;\">\n<td style=\"width: 50%; height: 10px;\">Leiter-Optionen<\/td>\n<td style=\"width: 50%; height: 10px;\"><strong>Rechtwinklig \/ CTC<\/strong><\/td>\n<\/tr>\n<tr style=\"height: 10px;\">\n<td style=\"width: 50%; height: 10px;\">Anwendung<\/td>\n<td style=\"width: 50%; height: 10px;\"><strong>EAF \/ LF Transformatoren<\/strong><\/td>\n<\/tr>\n<\/tbody>\n<\/table>[\/et_pb_text][\/et_pb_column][\/et_pb_row][\/et_pb_section][et_pb_section fb_built=&#8220;1&#8243; custom_padding_last_edited=&#8220;on|tablet&#8220; disabled_on=&#8220;off|off|off&#8220; _builder_version=&#8220;4.27.6&#8243; _module_preset=&#8220;default&#8220; background_color=&#8220;gcid-primary-color&#8220; background_image=&#8220;http:\/\/www.cemengineering.it\/wp-content\/uploads\/CEM-Spiral-Blue.png&#8220; parallax=&#8220;on&#8220; parallax_method=&#8220;off&#8220; custom_margin=&#8220;0px||0px||false|false&#8220; custom_padding=&#8220;10vh||10vh||true|false&#8220; custom_padding_tablet=&#8220;180px||200px||false|false&#8220; custom_padding_phone=&#8220;110px||90px||false|false&#8220; locked=&#8220;off&#8220; global_colors_info=&#8220;{%22gcid-primary-color%22:%91%22background_color%22%93}&#8220;][et_pb_row _builder_version=&#8220;4.27.6&#8243; _module_preset=&#8220;default&#8220; custom_margin_tablet=&#8220;0px||70px||false|false&#8220; custom_margin_phone=&#8220;0px||45px||false|false&#8220; custom_margin_last_edited=&#8220;off|desktop&#8220; custom_padding=&#8220;0px||0px||true|false&#8220; animation_style=&#8220;slide&#8220; animation_direction=&#8220;bottom&#8220; animation_duration=&#8220;700ms&#8220; animation_delay=&#8220;500ms&#8220; animation_speed_curve=&#8220;ease&#8220; global_colors_info=&#8220;{}&#8220;][et_pb_column type=&#8220;4_4&#8243; _builder_version=&#8220;4.22.1&#8243; _module_preset=&#8220;default&#8220; global_colors_info=&#8220;{}&#8220;][et_pb_text _builder_version=&#8220;4.27.6&#8243; _module_preset=&#8220;default&#8220; text_orientation=&#8220;center&#8220; background_layout=&#8220;dark&#8220; animation_direction=&#8220;bottom&#8220; global_colors_info=&#8220;{}&#8220;]<h2>Wichtige technische Merkmale<\/h2>[\/et_pb_text][\/et_pb_column][\/et_pb_row][et_pb_row column_structure=&#8220;1_2,1_2&#8243; _builder_version=&#8220;4.27.6&#8243; _module_preset=&#8220;default&#8220; custom_margin_tablet=&#8220;0px||70px||false|false&#8220; custom_margin_phone=&#8220;0px||45px||false|false&#8220; custom_margin_last_edited=&#8220;off|desktop&#8220; custom_padding=&#8220;||0px||false|false&#8220; animation_style=&#8220;slide&#8220; animation_direction=&#8220;bottom&#8220; animation_duration=&#8220;700ms&#8220; animation_delay=&#8220;500ms&#8220; animation_speed_curve=&#8220;ease&#8220; global_colors_info=&#8220;{}&#8220;][et_pb_column type=&#8220;1_2&#8243; _builder_version=&#8220;4.22.1&#8243; _module_preset=&#8220;default&#8220; global_colors_info=&#8220;{}&#8220;][et_pb_blurb title=&#8220;Extreme Stromaufnahme&#8220; use_icon=&#8220;on&#8220; font_icon=&#8220;&#xf14a;||fa||400&#8243; icon_color=&#8220;#FFFFFF&#8220; icon_placement=&#8220;left&#8220; image_icon_width=&#8220;30px&#8220; content_max_width=&#8220;100%&#8220; _builder_version=&#8220;4.27.6&#8243; _module_preset=&#8220;default&#8220; header_font=&#8220;|||on|||||&#8220; header_text_align=&#8220;left&#8220; header_font_size=&#8220;15px&#8220; header_line_height=&#8220;1.4em&#8220; image_icon_custom_margin=&#8220;0px||0px||false|false&#8220; image_icon_custom_padding=&#8220;0px||0px||false|false&#8220; background_layout=&#8220;dark&#8220; custom_margin=&#8220;0px||13px||false|false&#8220; custom_padding=&#8220;0px||0px||false|false&#8220; animation=&#8220;off&#8220; custom_css_blurb_title=&#8220;margin-top:3px;&#8220; custom_css_blurb_content=&#8220;margin:0px;&#8220; global_colors_info=&#8220;{}&#8220;]Die parallele Scheibenkonstruktion verteilt Dutzende von Kiloampere \u00fcber den axialen Scheibenstapel, wodurch die Stromdichte innerhalb der thermischen Grenzen gehalten wird, ohne dass unpraktisch gro\u00dfe individuelle Leiterquerschnitte erforderlich sind.[\/et_pb_blurb][et_pb_blurb title=&#8220;Robustheit des Ofens im Einsatz&#8220; use_icon=&#8220;on&#8220; font_icon=&#8220;&#xf14a;||fa||400&#8243; icon_color=&#8220;#FFFFFF&#8220; icon_placement=&#8220;left&#8220; image_icon_width=&#8220;30px&#8220; content_max_width=&#8220;100%&#8220; _builder_version=&#8220;4.27.6&#8243; _module_preset=&#8220;default&#8220; header_font=&#8220;|||on|||||&#8220; header_text_align=&#8220;left&#8220; header_font_size=&#8220;15px&#8220; header_line_height=&#8220;1.4em&#8220; image_icon_custom_margin=&#8220;0px||0px||false|false&#8220; image_icon_custom_padding=&#8220;0px||0px||false|false&#8220; background_layout=&#8220;dark&#8220; custom_margin=&#8220;0px||13px||false|false&#8220; custom_padding=&#8220;0px||0px||false|false&#8220; animation=&#8220;off&#8220; custom_css_blurb_title=&#8220;margin-top:3px;&#8220; custom_css_blurb_content=&#8220;margin:0px;&#8220; global_colors_info=&#8220;{%22gcid-secondary-color%22:%91%22icon_color%22%93}&#8220;]Die Scheibengeometrie bietet die mechanische Steifigkeit, die erforderlich ist, um den zyklischen radialen und axialen elektromagnetischen Kr\u00e4ften standzuhalten, die w\u00e4hrend des EAF- und LF-Betriebs erzeugt werden, einschlie\u00dflich der wiederholten Kurzschlussereignisse, die den Betriebszyklen des Lichtbogenofens eigen sind.[\/et_pb_blurb][\/et_pb_column][et_pb_column type=&#8220;1_2&#8243; _builder_version=&#8220;4.22.1&#8243; _module_preset=&#8220;default&#8220; global_colors_info=&#8220;{}&#8220;][et_pb_blurb title=&#8220;Parallele Scheibenarchitektur&#8220; use_icon=&#8220;on&#8220; font_icon=&#8220;&#xf14a;||fa||400&#8243; icon_color=&#8220;#FFFFFF&#8220; icon_placement=&#8220;left&#8220; image_icon_width=&#8220;30px&#8220; content_max_width=&#8220;100%&#8220; _builder_version=&#8220;4.27.6&#8243; _module_preset=&#8220;default&#8220; header_font=&#8220;|||on|||||&#8220; header_text_align=&#8220;left&#8220; header_font_size=&#8220;15px&#8220; header_line_height=&#8220;1.4em&#8220; image_icon_custom_margin=&#8220;0px||0px||false|false&#8220; image_icon_custom_padding=&#8220;0px||0px||false|false&#8220; background_layout=&#8220;dark&#8220; custom_margin=&#8220;0px||13px||false|false&#8220; custom_padding=&#8220;0px||0px||false|false&#8220; animation=&#8220;off&#8220; custom_css_blurb_title=&#8220;margin-top:3px;&#8220; custom_css_blurb_content=&#8220;margin:0px;&#8220; global_colors_info=&#8220;{%22gcid-secondary-color%22:%91%22icon_color%22%93}&#8220;]Eine begrenzte Anzahl von Windungen pro Scheibe minimiert die Leiterl\u00e4nge pro parallelem Pfad, reduziert die Widerstandsverluste und vereinfacht die Verbindungsgeometrie zwischen den Scheiben &#8211; entscheidend f\u00fcr den Stromausgleich im parallelen Stapel.[\/et_pb_blurb][et_pb_blurb title=&#8220;Dedizierte Abstandshalter-K\u00fchlung&#8220; use_icon=&#8220;on&#8220; font_icon=&#8220;&#xf14a;||fa||400&#8243; icon_color=&#8220;#FFFFFF&#8220; icon_placement=&#8220;left&#8220; image_icon_width=&#8220;30px&#8220; content_max_width=&#8220;100%&#8220; _builder_version=&#8220;4.27.6&#8243; _module_preset=&#8220;default&#8220; header_font=&#8220;|||on|||||&#8220; header_text_align=&#8220;left&#8220; header_font_size=&#8220;15px&#8220; header_line_height=&#8220;1.4em&#8220; image_icon_custom_margin=&#8220;0px||0px||false|false&#8220; image_icon_custom_padding=&#8220;0px||0px||false|false&#8220; background_layout=&#8220;dark&#8220; custom_margin=&#8220;0px||13px||false|false&#8220; custom_padding=&#8220;0px||0px||false|false&#8220; animation=&#8220;off&#8220; custom_css_blurb_title=&#8220;margin-top:3px;&#8220; custom_css_blurb_content=&#8220;margin:0px;&#8220; global_colors_info=&#8220;{%22gcid-secondary-color%22:%91%22icon_color%22%93}&#8220;]Abstandshalter zwischen den Scheiben sorgen f\u00fcr einen Isolationsabstand zwischen den Scheiben und schaffen direkte \u00d6lk\u00fchlkan\u00e4le, die eine effektive W\u00e4rmeabfuhr von der Leiteroberfl\u00e4che jeder Scheibe bei kontinuierlichem Hochstrombetrieb gew\u00e4hrleisten.[\/et_pb_blurb][\/et_pb_column][\/et_pb_row][\/et_pb_section][et_pb_section fb_built=&#8220;1&#8243; custom_padding_last_edited=&#8220;on|phone&#8220; _builder_version=&#8220;4.22.1&#8243; _module_preset=&#8220;default&#8220; custom_margin=&#8220;0px||0px||false|false&#8220; custom_padding=&#8220;120px||120px||true|false&#8220; custom_padding_tablet=&#8220;120px||120px||false|false&#8220; custom_padding_phone=&#8220;90px||75px||false|false&#8220; global_colors_info=&#8220;{}&#8220;][et_pb_row make_equal=&#8220;on&#8220; _builder_version=&#8220;4.27.6&#8243; _module_preset=&#8220;default&#8220; custom_margin=&#8220;0px||0px||false|false&#8220; custom_padding=&#8220;0px||0px||false|false&#8220; global_colors_info=&#8220;{}&#8220;][et_pb_column type=&#8220;4_4&#8243; _builder_version=&#8220;4.22.2&#8243; _module_preset=&#8220;default&#8220; custom_padding=&#8220;|||10px|false|false&#8220; custom_padding_tablet=&#8220;|||0px|false|false&#8220; custom_padding_phone=&#8220;|||0px|false|false&#8220; custom_padding_last_edited=&#8220;on|tablet&#8220; animation_style=&#8220;slide&#8220; animation_direction=&#8220;right&#8220; animation_duration=&#8220;700ms&#8220; animation_delay=&#8220;750ms&#8220; animation_speed_curve=&#8220;ease&#8220; custom_css_main_element=&#8220;margin:auto;&#8220; global_colors_info=&#8220;{}&#8220;][et_pb_text _builder_version=&#8220;4.27.6&#8243; _module_preset=&#8220;default&#8220; global_colors_info=&#8220;{}&#8220;]<h3>Technische Anmerkung<\/h3>\n<p><strong>Stromausgleich in parallelen Scheiben<\/strong> &#8211; Eine gleichm\u00e4\u00dfige Stromverteilung zwischen parallelen Scheiben wird durch sorgf\u00e4ltige Beachtung der Symmetrie der Verbindungen zwischen den Scheiben (Leitungen und Stromschienen) und, falls erforderlich, durch Versetzen der parallelen Pfade \u00fcber die Wicklungsh\u00f6he erreicht. Impedanzasymmetrien zwischen parallelen Pfaden &#8211; selbst auf der Ebene von wenigen Mikroohm &#8211; erzeugen zirkulierende Str\u00f6me, die einzelne Scheiben \u00fcberlasten und die Gesamteffizienz der Wicklung verringern. Der Designprozess von C.E.M. beinhaltet eine explizite \u00dcberpr\u00fcfung der Parallelpfadbalance als Standardschritt f\u00fcr alle Niederspannungswicklungen von \u00d6fen.  <\/p>[\/et_pb_text][\/et_pb_column][\/et_pb_row][\/et_pb_section][et_pb_section fb_built=&#8220;1&#8243; _builder_version=&#8220;4.27.6&#8243; _module_preset=&#8220;default&#8220; background_color=&#8220;gcid-f0dddfbb-c8ce-4299-ac52-af94142b1149&#8243; global_module=&#8220;406&#8243; saved_tabs=&#8220;all&#8220; global_colors_info=&#8220;{%22gcid-f0dddfbb-c8ce-4299-ac52-af94142b1149%22:%91%22background_color%22%93}&#8220;][et_pb_row column_structure=&#8220;2_3,1_3&#8243; make_equal=&#8220;on&#8220; _builder_version=&#8220;4.27.6&#8243; _module_preset=&#8220;default&#8220; custom_margin=&#8220;0px||0px||false|false&#8220; custom_padding=&#8220;0px||0px||false|false&#8220; global_colors_info=&#8220;{}&#8220;][et_pb_column type=&#8220;2_3&#8243; module_class=&#8220;iq-centra-verticale&#8220; _builder_version=&#8220;4.27.6&#8243; _module_preset=&#8220;default&#8220; animation_style=&#8220;slide&#8220; animation_direction=&#8220;left&#8220; animation_duration=&#8220;700ms&#8220; animation_delay=&#8220;500ms&#8220; global_colors_info=&#8220;{}&#8220; custom_css_after_last_edited=&#8220;off|desktop&#8220; custom_css_after_tablet=&#8220;display:none;&#8220; custom_css_after_phone=&#8220;display:none;&#8220;][et_pb_text _builder_version=&#8220;4.27.6&#8243; _module_preset=&#8220;default&#8220; global_colors_info=&#8220;{}&#8220;]<h2>Fordern Sie eine technische Beratung an<br\/><\/h2>[\/et_pb_text][\/et_pb_column][et_pb_column type=&#8220;1_3&#8243; _builder_version=&#8220;4.22.2&#8243; _module_preset=&#8220;default&#8220; custom_padding=&#8220;|||10px|false|false&#8220; custom_padding_tablet=&#8220;|||0px|false|false&#8220; custom_padding_phone=&#8220;|||0px|false|false&#8220; custom_padding_last_edited=&#8220;on|tablet&#8220; animation_style=&#8220;slide&#8220; animation_direction=&#8220;right&#8220; animation_duration=&#8220;700ms&#8220; animation_delay=&#8220;750ms&#8220; animation_speed_curve=&#8220;ease&#8220; custom_css_main_element=&#8220;margin:auto;&#8220; global_colors_info=&#8220;{}&#8220;][\/et_pb_column][\/et_pb_row][et_pb_row column_structure=&#8220;2_3,1_3&#8243; make_equal=&#8220;on&#8220; _builder_version=&#8220;4.27.6&#8243; _module_preset=&#8220;default&#8220; custom_margin=&#8220;0px||0px||false|false&#8220; custom_padding=&#8220;0px||0px||false|false&#8220; global_colors_info=&#8220;{}&#8220;][et_pb_column type=&#8220;2_3&#8243; module_class=&#8220;iq-centra-verticale&#8220; _builder_version=&#8220;4.27.6&#8243; _module_preset=&#8220;default&#8220; animation_style=&#8220;slide&#8220; animation_direction=&#8220;left&#8220; animation_duration=&#8220;700ms&#8220; animation_delay=&#8220;500ms&#8220; global_colors_info=&#8220;{}&#8220; custom_css_after_last_edited=&#8220;off|desktop&#8220; custom_css_after_tablet=&#8220;display:none;&#8220; custom_css_after_phone=&#8220;display:none;&#8220;][et_pb_text _builder_version=&#8220;4.27.6&#8243; _module_preset=&#8220;default&#8220; global_colors_info=&#8220;{}&#8220;]<p>Kundenspezifische Spezifikationen, Zeichnungen und Lieferzeiten auf Anfrage<\/p>[\/et_pb_text][\/et_pb_column][et_pb_column type=&#8220;1_3&#8243; _builder_version=&#8220;4.22.2&#8243; _module_preset=&#8220;default&#8220; custom_padding=&#8220;|||10px|false|false&#8220; custom_padding_tablet=&#8220;|||0px|false|false&#8220; custom_padding_phone=&#8220;|||0px|false|false&#8220; custom_padding_last_edited=&#8220;on|tablet&#8220; animation_style=&#8220;slide&#8220; animation_direction=&#8220;right&#8220; animation_duration=&#8220;700ms&#8220; animation_delay=&#8220;750ms&#8220; animation_speed_curve=&#8220;ease&#8220; custom_css_main_element=&#8220;margin:auto;&#8220; global_colors_info=&#8220;{}&#8220;][et_pb_button button_url=&#8220;@ET-DC@eyJkeW5hbWljIjp0cnVlLCJjb250ZW50IjoicG9zdF9saW5rX3VybF9wYWdlIiwic2V0dGluZ3MiOnsicG9zdF9pZCI6IjE2NyIsImVuYWJsZV9odG1sIjoib2ZmIn19@&#8220; button_text=&#8220;Kontaktieren Sie unser Team&#8220; button_alignment=&#8220;center&#8220; _builder_version=&#8220;4.27.6&#8243; _dynamic_attributes=&#8220;button_url&#8220; _module_preset=&#8220;default&#8220; custom_css_main_element=&#8220;width:100%;&#8220; global_colors_info=&#8220;{}&#8220;][\/et_pb_button][\/et_pb_column][\/et_pb_row][\/et_pb_section]\n","protected":false},"excerpt":{"rendered":"<p>Niedrige Spannungen unter 1,5 kV, Str\u00f6me im Bereich von einigen zehn Kiloampere. Die parallele Scheibenkonstruktion bew\u00e4ltigt die extreme Stromdichte mit kontrollierter Isolierung zwischen den Scheiben und direkter \u00d6lk\u00fchlung.LV-FTEntwurfsbegr\u00fcndungNiederspannungswicklungen f\u00fcr Ofentransformatoren arbeiten unter den anspruchsvollsten Strombedingungen in der industriellen Transformatorentechnik: Spannungen unter 1,5 kV kombiniert mit Str\u00f6men im Bereich von einigen zehn Kiloampere. Aufgrund dieser extremen Stromdichte sind herk\u00f6mmliche Wendel- oder Lagenwicklungskonstruktionen ungeeignet &#8211; der f\u00fcr den Nennstrom erforderliche Leiterquerschnitt kann nicht in einer einzigen Wendellage untergebracht werden, ohne die mechanische Stabilit\u00e4t und die thermische Leistung der Wicklung zu beeintr\u00e4chtigen. Die f\u00fcr diese Anwendung gew\u00e4hlte L\u00f6sung besteht darin, die Spule als einen Satz von Scheiben mit einer begrenzten Anzahl von Windungen herzustellen , die axial angeordnet und parallel geschaltet sind. Durch die Parallelschaltung mehrerer Scheiben wird der Gesamtstrom auf den Scheibenstapel verteilt, wodurch der Strom pro Scheibe auf ein \u00fcberschaubares Ma\u00df reduziert wird, w\u00e4hrend die axiale Anordnung die mechanische Steifigkeit der Wicklung gegen\u00fcber den sehr hohen radialen und axialen elektromagnetischen Kr\u00e4ften bewahrt, die w\u00e4hrend des Ofenbetriebs erzeugt werden &#8211; einschlie\u00dflich der f\u00fcr den Betrieb eines Lichtbogenofens charakteristischen zyklischen Kurzschlussbedingungen. Die Scheiben sind durch spezielle Abstandshalter voneinander getrennt, die gleichzeitig f\u00fcr mechanischen Halt sorgen, den Isolationsabstand zwischen den Scheiben definieren und \u00d6lkan\u00e4le [&hellip;]<\/p>\n","protected":false},"author":2,"featured_media":0,"parent":0,"menu_order":0,"comment_status":"closed","ping_status":"closed","template":"","meta":{"_et_pb_use_builder":"on","_et_pb_old_content":"","_et_gb_content_width":"","footnotes":""},"class_list":["post-868","page","type-page","status-publish","hentry"],"_links":{"self":[{"href":"https:\/\/www.cemengineering.it\/de\/wp-json\/wp\/v2\/pages\/868","targetHints":{"allow":["GET"]}}],"collection":[{"href":"https:\/\/www.cemengineering.it\/de\/wp-json\/wp\/v2\/pages"}],"about":[{"href":"https:\/\/www.cemengineering.it\/de\/wp-json\/wp\/v2\/types\/page"}],"author":[{"embeddable":true,"href":"https:\/\/www.cemengineering.it\/de\/wp-json\/wp\/v2\/users\/2"}],"replies":[{"embeddable":true,"href":"https:\/\/www.cemengineering.it\/de\/wp-json\/wp\/v2\/comments?post=868"}],"version-history":[{"count":1,"href":"https:\/\/www.cemengineering.it\/de\/wp-json\/wp\/v2\/pages\/868\/revisions"}],"predecessor-version":[{"id":869,"href":"https:\/\/www.cemengineering.it\/de\/wp-json\/wp\/v2\/pages\/868\/revisions\/869"}],"wp:attachment":[{"href":"https:\/\/www.cemengineering.it\/de\/wp-json\/wp\/v2\/media?parent=868"}],"curies":[{"name":"wp","href":"https:\/\/api.w.org\/{rel}","templated":true}]}}