{"id":872,"date":"2026-04-14T12:55:05","date_gmt":"2026-04-14T12:55:05","guid":{"rendered":"https:\/\/www.cemengineering.it\/qualitaet\/"},"modified":"2026-05-15T08:06:19","modified_gmt":"2026-05-15T08:06:19","slug":"qualitaet","status":"publish","type":"page","link":"https:\/\/www.cemengineering.it\/de\/qualitaet\/","title":{"rendered":"Qualit\u00e4t"},"content":{"rendered":"\n[et_pb_section fb_built=&#8220;1&#8243; custom_padding_last_edited=&#8220;on|tablet&#8220; _builder_version=&#8220;4.27.6&#8243; _module_preset=&#8220;default&#8220; background_color=&#8220;gcid-ab7ff4dd-e087-4553-8299-16fb58deb3ad&#8220; background_image=&#8220;http:\/\/www.cemengineering.it\/wp-content\/uploads\/CEM-Spiral-Dark-blue-1.png&#8220; background_size=&#8220;initial&#8220; background_position=&#8220;center_right&#8220; custom_margin=&#8220;0px||0px||false|false&#8220; custom_padding=&#8220;10vh||10vh||true|false&#8220; custom_padding_tablet=&#8220;180px||200px||false|false&#8220; custom_padding_phone=&#8220;110px||90px||false|false&#8220; global_colors_info=&#8220;{%22gcid-ab7ff4dd-e087-4553-8299-16fb58deb3ad%22:%91%22background_color%22%93,%22gcid-secondary-color%22:%91%22background_color%22,%22background_color%22%93}&#8220;][et_pb_row module_class=&#8220;construction-20-inlbtnsc&#8220; _builder_version=&#8220;4.22.2&#8243; _module_preset=&#8220;default&#8220; width=&#8220;90%&#8220; max_width=&#8220;1270px&#8220; custom_margin=&#8220;0px||0px||false|false&#8220; custom_padding=&#8220;0px||0px||false|false&#8220; animation_style=&#8220;slide&#8220; animation_direction=&#8220;left&#8220; animation_speed_curve=&#8220;ease&#8220; global_colors_info=&#8220;{}&#8220;][et_pb_column type=&#8220;4_4&#8243; _builder_version=&#8220;4.22.1&#8243; _module_preset=&#8220;default&#8220; global_colors_info=&#8220;{}&#8220;][et_pb_heading title=&#8220;@ET-DC@eyJkeW5hbWljIjp0cnVlLCJjb250ZW50IjoicG9zdF90aXRsZSIsInNldHRpbmdzIjp7ImJlZm9yZSI6IiIsImFmdGVyIjoiIiwiZW5hYmxlX2h0bWwiOiJvZmYifX0=@&#8220; _builder_version=&#8220;4.27.6&#8243; _dynamic_attributes=&#8220;title&#8220; _module_preset=&#8220;default&#8220; title_text_color=&#8220;#FFFFFF&#8220; global_colors_info=&#8220;{}&#8220;][\/et_pb_heading][\/et_pb_column][\/et_pb_row][\/et_pb_section][et_pb_section fb_built=&#8220;1&#8243; module_id=&#8220;iso-9001&#8243; _builder_version=&#8220;4.27.6&#8243; _module_preset=&#8220;default&#8220; custom_padding=&#8220;120px||120px||true|&#8220; global_colors_info=&#8220;{}&#8220;][et_pb_row column_structure=&#8220;2_3,1_3&#8243; _builder_version=&#8220;4.27.6&#8243; _module_preset=&#8220;default&#8220; custom_padding=&#8220;||0px|||&#8220; global_colors_info=&#8220;{}&#8220;][et_pb_column type=&#8220;2_3&#8243; _builder_version=&#8220;4.27.6&#8243; _module_preset=&#8220;default&#8220; animation_style=&#8220;slide&#8220; animation_direction=&#8220;left&#8220; animation_duration=&#8220;700ms&#8220; animation_delay=&#8220;500ms&#8220; animation_speed_curve=&#8220;ease&#8220; global_colors_info=&#8220;{}&#8220;][et_pb_text _builder_version=&#8220;4.27.6&#8243; _module_preset=&#8220;default&#8220; custom_margin=&#8220;||0px||false|false&#8220; animation_direction=&#8220;bottom&#8220; global_colors_info=&#8220;{}&#8220;]<h2>ISO 9001 Zertifizierung<\/h2>[\/et_pb_text][\/et_pb_column][et_pb_column type=&#8220;1_3&#8243; _builder_version=&#8220;4.27.6&#8243; _module_preset=&#8220;default&#8220; animation_style=&#8220;slide&#8220; animation_direction=&#8220;right&#8220; animation_duration=&#8220;700ms&#8220; animation_delay=&#8220;500ms&#8220; animation_speed_curve=&#8220;ease&#8220; global_colors_info=&#8220;{}&#8220;][\/et_pb_column][\/et_pb_row][et_pb_row column_structure=&#8220;2_3,1_3&#8243; _builder_version=&#8220;4.27.6&#8243; _module_preset=&#8220;default&#8220; global_colors_info=&#8220;{}&#8220;][et_pb_column type=&#8220;2_3&#8243; _builder_version=&#8220;4.27.6&#8243; _module_preset=&#8220;default&#8220; animation_style=&#8220;slide&#8220; animation_direction=&#8220;left&#8220; animation_duration=&#8220;700ms&#8220; animation_delay=&#8220;500ms&#8220; animation_speed_curve=&#8220;ease&#8220; global_colors_info=&#8220;{}&#8220;][et_pb_text _builder_version=&#8220;4.27.6&#8243; _module_preset=&#8220;default&#8220; global_colors_info=&#8220;{}&#8220;]<p>Bei C.E.M. Industrial Transformers haben wir uns in jedem Aspekt unserer T\u00e4tigkeit zu Spitzenleistungen verpflichtet. Wir sind stolz darauf, <strong>nach ISO 9001<\/strong> f\u00fcr<strong>&#8222;Engineering f\u00fcr die Entwicklung von Transformatoren und den Handel mit Ersatzteilen f\u00fcr Transformatoren<\/strong>&#8220; <strong>zertifiziert zu<\/strong> sein. <\/p>\n<p>Diese Zertifizierung spiegelt unser Engagement f\u00fcr die Aufrechterhaltung der h\u00f6chsten Qualit\u00e4tsstandards bei der Konstruktion und Entwicklung von Transformatoren sowie bei der Lieferung von Ersatzteilen wider. Sie gew\u00e4hrleistet, dass unsere Prozesse kontinuierlich optimiert werden, um die Anforderungen der Branche zu erf\u00fcllen, die Kundenzufriedenheit zu steigern und zuverl\u00e4ssige, leistungsstarke L\u00f6sungen zu liefern. <\/p>[\/et_pb_text][et_pb_image src=&#8220;http:\/\/www.cemengineering.it\/wp-content\/uploads\/CEM-ISO-9001.webp&#8220; _builder_version=&#8220;4.27.6&#8243; _module_preset=&#8220;default&#8220; max_width=&#8220;300px&#8220; global_colors_info=&#8220;{}&#8220;][\/et_pb_image][\/et_pb_column][et_pb_column type=&#8220;1_3&#8243; _builder_version=&#8220;4.27.6&#8243; _module_preset=&#8220;default&#8220; animation_style=&#8220;slide&#8220; animation_direction=&#8220;right&#8220; animation_duration=&#8220;700ms&#8220; animation_delay=&#8220;500ms&#8220; animation_speed_curve=&#8220;ease&#8220; global_colors_info=&#8220;{}&#8220;][et_pb_button button_url=&#8220;http:\/\/www.cemengineering.it\/wp-content\/uploads\/CEM-ISO-9001.pdf&#8220; url_new_window=&#8220;on&#8220; button_text=&#8220;Zertifizierung&#8220; button_alignment=&#8220;center&#8220; _builder_version=&#8220;4.27.6&#8243; _module_preset=&#8220;default&#8220; custom_margin=&#8220;||20px||false|false&#8220; custom_css_main_element=&#8220;width:100%;&#8220; global_colors_info=&#8220;{}&#8220;][\/et_pb_button][et_pb_button button_url=&#8220;http:\/\/www.cemengineering.it\/wp-content\/uploads\/CEM-Politica-della-qualita-it.pdf&#8220; url_new_window=&#8220;on&#8220; button_text=&#8220;Politica della qualit\u00e0&#8220; button_alignment=&#8220;center&#8220; _builder_version=&#8220;4.27.6&#8243; _module_preset=&#8220;default&#8220; custom_margin=&#8220;||20px||false|false&#8220; custom_css_main_element=&#8220;width:100%;&#8220; global_colors_info=&#8220;{%22gcid-ab7ff4dd-e087-4553-8299-16fb58deb3ad%22:%91%22button_bg_color%22,%22button_bg_color__hover%22,%22button_border_color%22%93}&#8220;][\/et_pb_button][et_pb_button button_url=&#8220;http:\/\/www.cemengineering.it\/wp-content\/uploads\/CEM-Quality-policy-en.pdf&#8220; url_new_window=&#8220;on&#8220; button_text=&#8220;Qualit\u00e4tspolitik&#8220; button_alignment=&#8220;center&#8220; _builder_version=&#8220;4.27.6&#8243; _module_preset=&#8220;default&#8220; custom_css_main_element=&#8220;width:100%;&#8220; global_colors_info=&#8220;{%22gcid-ab7ff4dd-e087-4553-8299-16fb58deb3ad%22:%91%22button_bg_color%22,%22button_bg_color__hover%22,%22button_border_color%22%93}&#8220;][\/et_pb_button][\/et_pb_column][\/et_pb_row][\/et_pb_section][et_pb_section fb_built=&#8220;1&#8243; disabled_on=&#8220;off|off|off&#8220; _builder_version=&#8220;4.27.6&#8243; _module_preset=&#8220;default&#8220; background_color=&#8220;rgba(0,0,0,0.7)&#8220; use_background_color_gradient=&#8220;on&#8220; background_color_gradient_stops=&#8220;rgba(0,0,0,0.7) 0%|rgba(0,0,0,0.7) 100%&#8220; background_color_gradient_overlays_image=&#8220;on&#8220; background_image=&#8220;http:\/\/www.cemengineering.it\/wp-content\/uploads\/CEM-Quality-Our-Vision-for-Construction.webp&#8220; parallax=&#8220;on&#8220; background_blend=&#8220;multiply&#8220; custom_padding=&#8220;120px||120px||true|false&#8220; global_colors_info=&#8220;{%22gcid-secondary-color%22:%91%22background_color%22%93,%22gcid-primary-color%22:%91%22background_color%22,%22background_color%22%93}&#8220;][et_pb_row _builder_version=&#8220;4.27.6&#8243; _module_preset=&#8220;default&#8220; custom_margin_tablet=&#8220;0px||70px||false|false&#8220; custom_margin_phone=&#8220;0px||45px||false|false&#8220; custom_margin_last_edited=&#8220;off|desktop&#8220; custom_padding=&#8220;0px||0px||false|false&#8220; animation_style=&#8220;slide&#8220; animation_direction=&#8220;bottom&#8220; animation_duration=&#8220;700ms&#8220; animation_delay=&#8220;500ms&#8220; animation_speed_curve=&#8220;ease&#8220; global_colors_info=&#8220;{}&#8220;][et_pb_column type=&#8220;4_4&#8243; _builder_version=&#8220;4.22.1&#8243; _module_preset=&#8220;default&#8220; global_colors_info=&#8220;{}&#8220;][et_pb_text _builder_version=&#8220;4.27.6&#8243; _module_preset=&#8220;default&#8220; text_orientation=&#8220;center&#8220; background_layout=&#8220;dark&#8220; animation_direction=&#8220;bottom&#8220; global_colors_info=&#8220;{}&#8220;]<h2>Unsere Vision<br\/>f\u00fcr den Bau<\/h2>[\/et_pb_text][et_pb_text _builder_version=&#8220;4.27.6&#8243; _module_preset=&#8220;default&#8220; background_layout=&#8220;dark&#8220; module_alignment=&#8220;center&#8220; custom_margin=&#8220;0px||0px||false|false&#8220; custom_padding=&#8220;0px||0px||false|false&#8220; global_colors_info=&#8220;{}&#8220;]<p>Unsere Zertifizierung ist ein Beweis f\u00fcr unser kontinuierliches Engagement f\u00fcr Qualit\u00e4t, Sicherheit und Kundenzufriedenheit. Vertrauen Sie C.E.M., wenn es um zertifizierte Kompetenz in der Entwicklung von Industrietransformatoren und der Lieferung von Ersatzteilen geht. <\/p>\n<p>Durch die Einhaltung der ISO 9001-Normen garantieren wir:<\/p>[\/et_pb_text][\/et_pb_column][\/et_pb_row][et_pb_row column_structure=&#8220;1_2,1_2&#8243; _builder_version=&#8220;4.27.6&#8243; _module_preset=&#8220;default&#8220; custom_margin_tablet=&#8220;0px||70px||false|false&#8220; custom_margin_phone=&#8220;0px||45px||false|false&#8220; custom_margin_last_edited=&#8220;off|desktop&#8220; animation_style=&#8220;slide&#8220; animation_direction=&#8220;bottom&#8220; animation_duration=&#8220;700ms&#8220; animation_delay=&#8220;500ms&#8220; animation_speed_curve=&#8220;ease&#8220; global_colors_info=&#8220;{}&#8220;][et_pb_column type=&#8220;1_2&#8243; _builder_version=&#8220;4.22.1&#8243; _module_preset=&#8220;default&#8220; global_colors_info=&#8220;{}&#8220;][et_pb_blurb use_icon=&#8220;on&#8220; font_icon=&#8220;&#xf14a;||fa||400&#8243; icon_color=&#8220;#FFFFFF&#8220; icon_placement=&#8220;left&#8220; image_icon_width=&#8220;30px&#8220; _builder_version=&#8220;4.27.6&#8243; _module_preset=&#8220;default&#8220; header_font=&#8220;|||on|||||&#8220; header_text_align=&#8220;left&#8220; header_font_size=&#8220;15px&#8220; header_line_height=&#8220;1.4em&#8220; body_font=&#8220;|700||on|||||&#8220; body_font_size=&#8220;15px&#8220; image_icon_custom_margin=&#8220;0px||0px||false|false&#8220; image_icon_custom_padding=&#8220;0px||0px||false|false&#8220; background_layout=&#8220;dark&#8220; custom_margin=&#8220;0px||13px||false|false&#8220; custom_padding=&#8220;0px||0px||false|false&#8220; animation=&#8220;off&#8220; custom_css_blurb_title=&#8220;margin-top:3px;&#8220; custom_css_blurb_content=&#8220;margin:0px;&#8220; global_colors_info=&#8220;{}&#8220;]<p>Strenge Qualit\u00e4tskontrolle bei der Konstruktion und Produktentwicklung<\/p>[\/et_pb_blurb][et_pb_blurb use_icon=&#8220;on&#8220; font_icon=&#8220;&#xf14a;||fa||400&#8243; icon_color=&#8220;#FFFFFF&#8220; icon_placement=&#8220;left&#8220; image_icon_width=&#8220;30px&#8220; _builder_version=&#8220;4.27.6&#8243; _module_preset=&#8220;default&#8220; header_font=&#8220;|||on|||||&#8220; header_text_align=&#8220;left&#8220; header_font_size=&#8220;15px&#8220; header_line_height=&#8220;1.4em&#8220; body_font=&#8220;|700||on|||||&#8220; body_font_size=&#8220;15px&#8220; image_icon_custom_margin=&#8220;0px||0px||false|false&#8220; image_icon_custom_padding=&#8220;0px||0px||false|false&#8220; background_layout=&#8220;dark&#8220; custom_margin=&#8220;0px||13px||false|false&#8220; custom_padding=&#8220;0px||0px||false|false&#8220; animation=&#8220;off&#8220; custom_css_blurb_title=&#8220;margin-top:3px;&#8220; custom_css_blurb_content=&#8220;margin:0px;&#8220; global_colors_info=&#8220;{%22gcid-secondary-color%22:%91%22icon_color%22%93}&#8220;]<p>Effiziente und strukturierte Prozesse f\u00fcr mehr Service und Zuverl\u00e4ssigkeit<\/p>[\/et_pb_blurb][\/et_pb_column][et_pb_column type=&#8220;1_2&#8243; _builder_version=&#8220;4.22.1&#8243; _module_preset=&#8220;default&#8220; global_colors_info=&#8220;{}&#8220;][et_pb_blurb use_icon=&#8220;on&#8220; font_icon=&#8220;&#xf14a;||fa||400&#8243; icon_color=&#8220;#FFFFFF&#8220; icon_placement=&#8220;left&#8220; image_icon_width=&#8220;30px&#8220; _builder_version=&#8220;4.27.6&#8243; _module_preset=&#8220;default&#8220; header_font=&#8220;|||on|||||&#8220; header_text_align=&#8220;left&#8220; header_font_size=&#8220;15px&#8220; header_line_height=&#8220;1.4em&#8220; body_font=&#8220;|700||on|||||&#8220; body_font_size=&#8220;15px&#8220; image_icon_custom_margin=&#8220;0px||0px||false|false&#8220; image_icon_custom_padding=&#8220;0px||0px||false|false&#8220; background_layout=&#8220;dark&#8220; custom_margin=&#8220;0px||13px||false|false&#8220; custom_padding=&#8220;0px||0px||false|false&#8220; animation=&#8220;off&#8220; custom_css_blurb_title=&#8220;margin-top:3px;&#8220; custom_css_blurb_content=&#8220;margin:0px;&#8220; global_colors_info=&#8220;{%22gcid-secondary-color%22:%91%22icon_color%22%93}&#8220;]<p>Ein kundenorientierter Ansatz, um die sich entwickelnden Bed\u00fcrfnisse der Branche zu erf\u00fcllen<\/p>[\/et_pb_blurb][et_pb_blurb use_icon=&#8220;on&#8220; font_icon=&#8220;&#xf14a;||fa||400&#8243; icon_color=&#8220;#FFFFFF&#8220; icon_placement=&#8220;left&#8220; image_icon_width=&#8220;30px&#8220; _builder_version=&#8220;4.27.6&#8243; _module_preset=&#8220;default&#8220; header_font=&#8220;|||on|||||&#8220; header_text_align=&#8220;left&#8220; header_font_size=&#8220;15px&#8220; header_line_height=&#8220;1.4em&#8220; body_font=&#8220;|700||on|||||&#8220; body_font_size=&#8220;15px&#8220; image_icon_custom_margin=&#8220;0px||0px||false|false&#8220; image_icon_custom_padding=&#8220;0px||0px||false|false&#8220; background_layout=&#8220;dark&#8220; custom_margin=&#8220;||20px||false|false&#8220; animation=&#8220;off&#8220; custom_css_blurb_title=&#8220;margin-top:3px;&#8220; custom_css_blurb_content=&#8220;margin:0px;&#8220; global_colors_info=&#8220;{%22gcid-secondary-color%22:%91%22icon_color%22%93}&#8220;]<p>Kontinuierliche Verbesserung zur Gew\u00e4hrleistung von Innovation und langfristiger Exzellenz<\/p>[\/et_pb_blurb][\/et_pb_column][\/et_pb_row][\/et_pb_section][et_pb_section fb_built=&#8220;1&#8243; _builder_version=&#8220;4.27.6&#8243; _module_preset=&#8220;default&#8220; global_colors_info=&#8220;{}&#8220;][et_pb_row _builder_version=&#8220;4.27.6&#8243; _module_preset=&#8220;default&#8220; animation_style=&#8220;slide&#8220; animation_direction=&#8220;right&#8220; animation_duration=&#8220;700ms&#8220; animation_delay=&#8220;500ms&#8220; animation_speed_curve=&#8220;ease&#8220; global_colors_info=&#8220;{}&#8220;][et_pb_column type=&#8220;4_4&#8243; _builder_version=&#8220;4.27.6&#8243; _module_preset=&#8220;default&#8220; global_colors_info=&#8220;{}&#8220;][et_pb_text _builder_version=&#8220;4.27.6&#8243; _module_preset=&#8220;default&#8220; global_colors_info=&#8220;{}&#8220;]<h2>Qualit\u00e4tskontrolle<br\/>in der Produktion<\/h2>[\/et_pb_text][et_pb_text _builder_version=&#8220;4.27.6&#8243; _module_preset=&#8220;default&#8220; global_colors_info=&#8220;{}&#8220;]<p>In jeder Phase der Produktion werden Qualit\u00e4tskontrollma\u00dfnahmen durchgef\u00fchrt, um zu gew\u00e4hrleisten, dass die Transformatoren den Industriestandards und -spezifikationen entsprechen. In unserer Wickelwerkstatt wird jede Wicklung vor der Endmontage strengen Verfahren unterzogen. Dazu geh\u00f6ren Messungen des Isolationswiderstands, Durchgangs- und Kurzschlusstests sowie Ma\u00df- und Sichtkontrollen. <\/p>[\/et_pb_text][\/et_pb_column][\/et_pb_row][\/et_pb_section]\n","protected":false},"excerpt":{"rendered":"<p>ISO 9001 ZertifizierungBei C.E.M. Industrial Transformers haben wir uns in jedem Aspekt unserer T\u00e4tigkeit zu Spitzenleistungen verpflichtet. Wir sind stolz darauf, nach ISO 9001 f\u00fcr&#8220;Engineering f\u00fcr die Entwicklung von Transformatoren und den Handel mit Ersatzteilen f\u00fcr Transformatoren&#8220; zertifiziert zu sein. Diese Zertifizierung spiegelt unser Engagement f\u00fcr die Aufrechterhaltung der h\u00f6chsten Qualit\u00e4tsstandards bei der Konstruktion und Entwicklung von Transformatoren sowie bei der Lieferung von Ersatzteilen wider. Sie gew\u00e4hrleistet, dass unsere Prozesse kontinuierlich optimiert werden, um die Anforderungen der Branche zu erf\u00fcllen, die Kundenzufriedenheit zu steigern und zuverl\u00e4ssige, leistungsstarke L\u00f6sungen zu liefern. Unsere Visionf\u00fcr den BauUnsere Zertifizierung ist ein Beweis f\u00fcr unser kontinuierliches Engagement f\u00fcr Qualit\u00e4t, Sicherheit und Kundenzufriedenheit. Vertrauen Sie C.E.M., wenn es um zertifizierte Kompetenz in der Entwicklung von Industrietransformatoren und der Lieferung von Ersatzteilen geht. Durch die Einhaltung der ISO 9001-Normen garantieren wir:Strenge Qualit\u00e4tskontrolle bei der Konstruktion und ProduktentwicklungEffiziente und strukturierte Prozesse f\u00fcr mehr Service und Zuverl\u00e4ssigkeitEin kundenorientierter Ansatz, um die sich entwickelnden Bed\u00fcrfnisse der Branche zu erf\u00fcllenKontinuierliche Verbesserung zur Gew\u00e4hrleistung von Innovation und langfristiger ExzellenzQualit\u00e4tskontrollein der ProduktionIn jeder Phase der Produktion werden Qualit\u00e4tskontrollma\u00dfnahmen durchgef\u00fchrt, um zu gew\u00e4hrleisten, dass die Transformatoren den Industriestandards und -spezifikationen entsprechen. In unserer Wickelwerkstatt wird jede Wicklung vor der Endmontage strengen Verfahren unterzogen. Dazu [&hellip;]<\/p>\n","protected":false},"author":2,"featured_media":0,"parent":0,"menu_order":0,"comment_status":"closed","ping_status":"closed","template":"","meta":{"_et_pb_use_builder":"on","_et_pb_old_content":"","_et_gb_content_width":"","footnotes":""},"class_list":["post-872","page","type-page","status-publish","hentry"],"_links":{"self":[{"href":"https:\/\/www.cemengineering.it\/de\/wp-json\/wp\/v2\/pages\/872","targetHints":{"allow":["GET"]}}],"collection":[{"href":"https:\/\/www.cemengineering.it\/de\/wp-json\/wp\/v2\/pages"}],"about":[{"href":"https:\/\/www.cemengineering.it\/de\/wp-json\/wp\/v2\/types\/page"}],"author":[{"embeddable":true,"href":"https:\/\/www.cemengineering.it\/de\/wp-json\/wp\/v2\/users\/2"}],"replies":[{"embeddable":true,"href":"https:\/\/www.cemengineering.it\/de\/wp-json\/wp\/v2\/comments?post=872"}],"version-history":[{"count":1,"href":"https:\/\/www.cemengineering.it\/de\/wp-json\/wp\/v2\/pages\/872\/revisions"}],"predecessor-version":[{"id":873,"href":"https:\/\/www.cemengineering.it\/de\/wp-json\/wp\/v2\/pages\/872\/revisions\/873"}],"wp:attachment":[{"href":"https:\/\/www.cemengineering.it\/de\/wp-json\/wp\/v2\/media?parent=872"}],"curies":[{"name":"wp","href":"https:\/\/api.w.org\/{rel}","templated":true}]}}