{"id":881,"date":"2026-04-14T10:29:04","date_gmt":"2026-04-14T10:29:04","guid":{"rendered":"https:\/\/www.cemengineering.it\/serviceleistungen\/"},"modified":"2026-05-15T08:11:32","modified_gmt":"2026-05-15T08:11:32","slug":"serviceleistungen","status":"publish","type":"page","link":"https:\/\/www.cemengineering.it\/de\/serviceleistungen\/","title":{"rendered":"Dienstleistungen"},"content":{"rendered":"\n[et_pb_section fb_built=&#8220;1&#8243; custom_padding_last_edited=&#8220;on|tablet&#8220; _builder_version=&#8220;4.27.6&#8243; _module_preset=&#8220;default&#8220; background_color=&#8220;gcid-ab7ff4dd-e087-4553-8299-16fb58deb3ad&#8220; background_image=&#8220;http:\/\/www.cemengineering.it\/wp-content\/uploads\/CEM-Spiral-Dark-blue-1.png&#8220; background_size=&#8220;initial&#8220; background_position=&#8220;center_right&#8220; custom_margin=&#8220;0px||0px||false|false&#8220; custom_padding=&#8220;10vh||10vh||true|false&#8220; custom_padding_tablet=&#8220;180px||200px||false|false&#8220; custom_padding_phone=&#8220;110px||90px||false|false&#8220; global_colors_info=&#8220;{%22gcid-ab7ff4dd-e087-4553-8299-16fb58deb3ad%22:%91%22background_color%22%93,%22gcid-secondary-color%22:%91%22background_color%22,%22background_color%22%93}&#8220;][et_pb_row module_class=&#8220;construction-20-inlbtnsc&#8220; _builder_version=&#8220;4.22.2&#8243; _module_preset=&#8220;default&#8220; width=&#8220;90%&#8220; max_width=&#8220;1270px&#8220; custom_margin=&#8220;0px||0px||false|false&#8220; custom_padding=&#8220;0px||0px||false|false&#8220; animation_style=&#8220;slide&#8220; animation_direction=&#8220;left&#8220; animation_speed_curve=&#8220;ease&#8220; global_colors_info=&#8220;{}&#8220;][et_pb_column type=&#8220;4_4&#8243; _builder_version=&#8220;4.22.1&#8243; _module_preset=&#8220;default&#8220; global_colors_info=&#8220;{}&#8220;][et_pb_heading title=&#8220;@ET-DC@eyJkeW5hbWljIjp0cnVlLCJjb250ZW50IjoicG9zdF90aXRsZSIsInNldHRpbmdzIjp7ImJlZm9yZSI6IiIsImFmdGVyIjoiIn19@&#8220; _builder_version=&#8220;4.27.6&#8243; _dynamic_attributes=&#8220;title&#8220; _module_preset=&#8220;default&#8220; title_text_color=&#8220;#FFFFFF&#8220; global_colors_info=&#8220;{}&#8220;][\/et_pb_heading][\/et_pb_column][\/et_pb_row][\/et_pb_section][et_pb_section fb_built=&#8220;1&#8243; custom_padding_last_edited=&#8220;on|phone&#8220; _builder_version=&#8220;4.27.6&#8243; _module_preset=&#8220;default&#8220; background_color=&#8220;gcid-f0dddfbb-c8ce-4299-ac52-af94142b1149&#8243; custom_margin=&#8220;0px||0px||false|false&#8220; custom_padding=&#8220;100px||100px||true|false&#8220; custom_padding_tablet=&#8220;90px||100px||false|false&#8220; custom_padding_phone=&#8220;85px||90px||false|false&#8220; global_colors_info=&#8220;{%22gcid-f0dddfbb-c8ce-4299-ac52-af94142b1149%22:%91%22background_color%22%93}&#8220;][et_pb_row _builder_version=&#8220;4.27.6&#8243; _module_preset=&#8220;default&#8220; custom_padding=&#8220;0px||0px||false|false&#8220; animation_style=&#8220;slide&#8220; animation_duration=&#8220;700ms&#8220; animation_delay=&#8220;500ms&#8220; animation_speed_curve=&#8220;ease&#8220; global_colors_info=&#8220;{}&#8220;][et_pb_column type=&#8220;4_4&#8243; _builder_version=&#8220;4.27.6&#8243; _module_preset=&#8220;default&#8220; transform_translate_linked__hover=&#8220;off&#8220; custom_padding_tablet=&#8220;|15px||15px|false|false&#8220; custom_padding_phone=&#8220;|0px||0px|false|false&#8220; custom_padding_last_edited=&#8220;off|desktop&#8220; global_colors_info=&#8220;{}&#8220; transform_styles__hover_enabled=&#8220;off|desktop&#8220; transform_scale__hover_enabled=&#8220;off|desktop&#8220; transform_translate__hover_enabled=&#8220;off|desktop&#8220; transform_rotate__hover_enabled=&#8220;off|desktop&#8220; transform_skew__hover_enabled=&#8220;off|desktop&#8220; transform_origin__hover_enabled=&#8220;off|desktop&#8220; transform_translate__hover=&#8220;0px|-8px&#8220;][et_pb_text _builder_version=&#8220;4.27.6&#8243; _module_preset=&#8220;default&#8220; text_font_size=&#8220;18px&#8220; text_orientation=&#8220;center&#8220; global_colors_info=&#8220;{}&#8220;]<p>Bei C.E.M. Industrial Transformers bieten wir umfassende Servicel\u00f6sungen, um die optimale Leistung, Zuverl\u00e4ssigkeit und Langlebigkeit Ihrer Industrietransformatoren zu gew\u00e4hrleisten. Unser Expertenteam bietet spezialisierte Support-, Wartungs- und Reparaturdienste, damit Ihre Ger\u00e4te in jeder industriellen Umgebung effizient arbeiten. <\/p>[\/et_pb_text][\/et_pb_column][\/et_pb_row][\/et_pb_section][et_pb_section fb_built=&#8220;1&#8243; custom_padding_last_edited=&#8220;on|phone&#8220; _builder_version=&#8220;4.22.1&#8243; _module_preset=&#8220;default&#8220; custom_margin=&#8220;0px||0px||false|false&#8220; custom_padding=&#8220;120px||120px||true|false&#8220; custom_padding_tablet=&#8220;120px||120px||false|false&#8220; custom_padding_phone=&#8220;90px||75px||false|false&#8220; global_colors_info=&#8220;{}&#8220;][et_pb_row column_structure=&#8220;1_3,2_3&#8243; make_equal=&#8220;on&#8220; _builder_version=&#8220;4.27.6&#8243; _module_preset=&#8220;default&#8220; custom_margin=&#8220;0px||0px||false|false&#8220; custom_padding=&#8220;0px||0px||false|false&#8220; global_colors_info=&#8220;{}&#8220;][et_pb_column type=&#8220;1_3&#8243; _builder_version=&#8220;4.27.6&#8243; _module_preset=&#8220;default&#8220; animation_style=&#8220;slide&#8220; animation_direction=&#8220;left&#8220; animation_duration=&#8220;700ms&#8220; animation_delay=&#8220;500ms&#8220; animation_speed_curve=&#8220;ease&#8220; global_colors_info=&#8220;{}&#8220; custom_css_after_last_edited=&#8220;off|desktop&#8220; custom_css_after_tablet=&#8220;display:none;&#8220; custom_css_after_phone=&#8220;display:none;&#8220;][et_pb_image src=&#8220;http:\/\/www.cemengineering.it\/wp-content\/uploads\/CEM-Circle-Dark-blue-Top-left.webp&#8220; title_text=&#8220;CEM-Service Aktivit\u00e4ten-bkg&#8220; _builder_version=&#8220;4.27.6&#8243; _module_preset=&#8220;default&#8220; background_image=&#8220;http:\/\/www.cemengineering.it\/wp-content\/uploads\/CEM-Service-activities-bkg.webp&#8220; parallax=&#8220;on&#8220; global_colors_info=&#8220;{}&#8220;][\/et_pb_image][et_pb_image src=&#8220;http:\/\/www.cemengineering.it\/wp-content\/uploads\/CEM-Circle-Light-blue-Bottom-right.webp&#8220; title_text=&#8220;CEM-Dienstleistungen-bkg2&#8243; _builder_version=&#8220;4.27.6&#8243; _module_preset=&#8220;default&#8220; background_image=&#8220;http:\/\/www.cemengineering.it\/wp-content\/uploads\/CEM-Service-activities-bkg2.webp&#8220; parallax=&#8220;on&#8220; global_colors_info=&#8220;{}&#8220;][\/et_pb_image][\/et_pb_column][et_pb_column type=&#8220;2_3&#8243; module_class=&#8220;iq-centra-verticale&#8220; _builder_version=&#8220;4.27.6&#8243; _module_preset=&#8220;default&#8220; custom_padding_tablet=&#8220;|||0px|false|false&#8220; custom_padding_phone=&#8220;|||0px|false|false&#8220; custom_padding_last_edited=&#8220;off|desktop&#8220; animation_style=&#8220;slide&#8220; animation_direction=&#8220;right&#8220; animation_duration=&#8220;700ms&#8220; animation_delay=&#8220;750ms&#8220; animation_speed_curve=&#8220;ease&#8220; global_colors_info=&#8220;{}&#8220;][et_pb_blurb title=&#8220;Unterst\u00fctzung und Wartung von Transformatoren&#8220; use_icon=&#8220;on&#8220; font_icon=&#8220;&#xf14a;||fa||400&#8243; icon_color=&#8220;gcid-secondary-color&#8220; icon_placement=&#8220;left&#8220; image_icon_width=&#8220;30px&#8220; content_max_width=&#8220;100%&#8220; _builder_version=&#8220;4.27.6&#8243; _module_preset=&#8220;default&#8220; header_level=&#8220;h2&#8243; header_font=&#8220;|||on|||||&#8220; header_text_align=&#8220;left&#8220; header_font_size=&#8220;15px&#8220; header_line_height=&#8220;1.4em&#8220; image_icon_custom_margin=&#8220;0px||0px||false|false&#8220; image_icon_custom_padding=&#8220;0px||0px||false|false&#8220; custom_margin=&#8220;0px||13px||false|false&#8220; custom_padding=&#8220;0px||0px||false|false&#8220; animation=&#8220;off&#8220; custom_css_blurb_title=&#8220;margin-top:3px;&#8220; custom_css_blurb_content=&#8220;margin:0px;&#8220; global_colors_info=&#8220;{%22gcid-secondary-color%22:%91%22icon_color%22%93}&#8220;]<p>Umfassende Unterst\u00fctzung w\u00e4hrend und nach der Garantiezeit, einschlie\u00dflich Routineinspektionen, vorbeugender Wartung und Fehlersuche. Unser Team ist in jeder Phase des Lebenszyklus eines Transformators schnell einsatzbereit. <\/p>[\/et_pb_blurb][et_pb_blurb title=&#8220;Fehleranalyse &amp; Beratung&#8220; use_icon=&#8220;on&#8220; font_icon=&#8220;&#xf14a;||fa||400&#8243; icon_color=&#8220;gcid-secondary-color&#8220; icon_placement=&#8220;left&#8220; image_icon_width=&#8220;30px&#8220; content_max_width=&#8220;100%&#8220; _builder_version=&#8220;4.27.6&#8243; _module_preset=&#8220;default&#8220; header_level=&#8220;h2&#8243; header_font=&#8220;|||on|||||&#8220; header_text_align=&#8220;left&#8220; header_font_size=&#8220;15px&#8220; header_line_height=&#8220;1.4em&#8220; image_icon_custom_margin=&#8220;0px||0px||false|false&#8220; image_icon_custom_padding=&#8220;0px||0px||false|false&#8220; custom_margin=&#8220;0px||13px||false|false&#8220; custom_padding=&#8220;0px||0px||false|false&#8220; animation=&#8220;off&#8220; custom_css_blurb_title=&#8220;margin-top:3px;&#8220; custom_css_blurb_content=&#8220;margin:0px;&#8220; global_colors_info=&#8220;{%22gcid-secondary-color%22:%91%22icon_color%22%93}&#8220;]<p>Expertenbeurteilung von Fehlfunktionen bei Transformatoren, Schadensuntersuchungen und Ursachenermittlung zur Vermeidung k\u00fcnftiger Probleme. Wir liefern detaillierte technische Berichte und umsetzbare Empfehlungen. <\/p>[\/et_pb_blurb][et_pb_blurb title=&#8220;Auswertung der chromatographischen Gasanalyse&#8220; use_icon=&#8220;on&#8220; font_icon=&#8220;&#xf14a;||fa||400&#8243; icon_color=&#8220;gcid-secondary-color&#8220; icon_placement=&#8220;left&#8220; image_icon_width=&#8220;30px&#8220; content_max_width=&#8220;100%&#8220; _builder_version=&#8220;4.27.6&#8243; _module_preset=&#8220;default&#8220; header_level=&#8220;h2&#8243; header_font=&#8220;|||on|||||&#8220; header_text_align=&#8220;left&#8220; header_font_size=&#8220;15px&#8220; header_line_height=&#8220;1.4em&#8220; image_icon_custom_margin=&#8220;0px||0px||false|false&#8220; image_icon_custom_padding=&#8220;0px||0px||false|false&#8220; custom_margin=&#8220;0px||13px||false|false&#8220; custom_padding=&#8220;0px||0px||false|false&#8220; animation=&#8220;off&#8220; custom_css_blurb_title=&#8220;margin-top:3px;&#8220; custom_css_blurb_content=&#8220;margin:0px;&#8220; global_colors_info=&#8220;{%22gcid-secondary-color%22:%91%22icon_color%22%93}&#8220;]<p>Unterst\u00fctzung bei der Interpretation und Auswertung von Gasanalyseergebnissen f\u00fcr in Betrieb befindliche Anlagen, um eine fr\u00fchzeitige Erkennung potenzieller St\u00f6rungen zu gew\u00e4hrleisten, bevor diese sich zu kostspieligen Ausf\u00e4llen ausweiten.<\/p>[\/et_pb_blurb][et_pb_blurb title=&#8220;Reparatur und \u00dcberholung von Transformatoren&#8220; use_icon=&#8220;on&#8220; font_icon=&#8220;&#xf14a;||fa||400&#8243; icon_color=&#8220;gcid-secondary-color&#8220; icon_placement=&#8220;left&#8220; image_icon_width=&#8220;30px&#8220; content_max_width=&#8220;100%&#8220; _builder_version=&#8220;4.27.6&#8243; _module_preset=&#8220;default&#8220; header_level=&#8220;h2&#8243; header_font=&#8220;|||on|||||&#8220; header_text_align=&#8220;left&#8220; header_font_size=&#8220;15px&#8220; header_line_height=&#8220;1.4em&#8220; image_icon_custom_margin=&#8220;0px||0px||false|false&#8220; image_icon_custom_padding=&#8220;0px||0px||false|false&#8220; custom_margin=&#8220;0px||13px||false|false&#8220; custom_padding=&#8220;0px||0px||false|false&#8220; animation=&#8220;off&#8220; custom_css_blurb_title=&#8220;margin-top:3px;&#8220; custom_css_blurb_content=&#8220;margin:0px;&#8220; global_colors_info=&#8220;{%22gcid-secondary-color%22:%91%22icon_color%22%93}&#8220;]Kompletter \u00dcberholungsservice, einschlie\u00dflich Demontage aktiver Komponenten, Austausch der Wicklungen, Trocknung und Behandlung aktiver Teile, strenge Tests vor der Wiedereinschaltung und Unterst\u00fctzung bei der Wiederinbetriebnahme vor Ort.[\/et_pb_blurb][et_pb_blurb title=&#8220;24\/7 Technische Unterst\u00fctzung&#8220; use_icon=&#8220;on&#8220; font_icon=&#8220;&#xf14a;||fa||400&#8243; icon_color=&#8220;gcid-secondary-color&#8220; icon_placement=&#8220;left&#8220; image_icon_width=&#8220;30px&#8220; content_max_width=&#8220;100%&#8220; _builder_version=&#8220;4.27.6&#8243; _module_preset=&#8220;default&#8220; header_level=&#8220;h2&#8243; header_font=&#8220;|||on|||||&#8220; header_text_align=&#8220;left&#8220; header_font_size=&#8220;15px&#8220; header_line_height=&#8220;1.4em&#8220; image_icon_custom_margin=&#8220;0px||0px||false|false&#8220; image_icon_custom_padding=&#8220;0px||0px||false|false&#8220; custom_margin=&#8220;0px||13px||false|false&#8220; custom_padding=&#8220;0px||0px||false|false&#8220; animation=&#8220;off&#8220; custom_css_blurb_title=&#8220;margin-top:3px;&#8220; custom_css_blurb_content=&#8220;margin:0px;&#8220; global_colors_info=&#8220;{%22gcid-secondary-color%22:%91%22icon_color%22%93}&#8220;]<p>Unser Service- und Reparaturteam steht Ihnen rund um die Uhr zur Verf\u00fcgung, um schnell zu reagieren und Ihnen fachkundige Unterst\u00fctzung zu bieten, wann immer Sie diese ben\u00f6tigen &#8211; 24 Stunden am Tag, 7 Tage die Woche, 365 Tage im Jahr.<\/p>[\/et_pb_blurb][\/et_pb_column][\/et_pb_row][\/et_pb_section]\n","protected":false},"excerpt":{"rendered":"<p>Bei C.E.M. Industrial Transformers bieten wir umfassende Servicel\u00f6sungen, um die optimale Leistung, Zuverl\u00e4ssigkeit und Langlebigkeit Ihrer Industrietransformatoren zu gew\u00e4hrleisten. Unser Expertenteam bietet spezialisierte Support-, Wartungs- und Reparaturdienste, damit Ihre Ger\u00e4te in jeder industriellen Umgebung effizient arbeiten. Umfassende Unterst\u00fctzung w\u00e4hrend und nach der Garantiezeit, einschlie\u00dflich Routineinspektionen, vorbeugender Wartung und Fehlersuche. Unser Team ist in jeder Phase des Lebenszyklus eines Transformators schnell einsatzbereit. Expertenbeurteilung von Fehlfunktionen bei Transformatoren, Schadensuntersuchungen und Ursachenermittlung zur Vermeidung k\u00fcnftiger Probleme. Wir liefern detaillierte technische Berichte und umsetzbare Empfehlungen. Unterst\u00fctzung bei der Interpretation und Auswertung von Gasanalyseergebnissen f\u00fcr in Betrieb befindliche Anlagen, um eine fr\u00fchzeitige Erkennung potenzieller St\u00f6rungen zu gew\u00e4hrleisten, bevor diese sich zu kostspieligen Ausf\u00e4llen ausweiten.Kompletter \u00dcberholungsservice, einschlie\u00dflich Demontage aktiver Komponenten, Austausch der Wicklungen, Trocknung und Behandlung aktiver Teile, strenge Tests vor der Wiedereinschaltung und Unterst\u00fctzung bei der Wiederinbetriebnahme vor Ort.Unser Service- und Reparaturteam steht Ihnen rund um die Uhr zur Verf\u00fcgung, um schnell zu reagieren und Ihnen fachkundige Unterst\u00fctzung zu bieten, wann immer Sie diese ben\u00f6tigen &#8211; 24 Stunden am Tag, 7 Tage die Woche, 365 Tage im Jahr.<\/p>\n","protected":false},"author":2,"featured_media":0,"parent":0,"menu_order":0,"comment_status":"closed","ping_status":"closed","template":"","meta":{"_et_pb_use_builder":"on","_et_pb_old_content":"","_et_gb_content_width":"","footnotes":""},"class_list":["post-881","page","type-page","status-publish","hentry"],"_links":{"self":[{"href":"https:\/\/www.cemengineering.it\/de\/wp-json\/wp\/v2\/pages\/881","targetHints":{"allow":["GET"]}}],"collection":[{"href":"https:\/\/www.cemengineering.it\/de\/wp-json\/wp\/v2\/pages"}],"about":[{"href":"https:\/\/www.cemengineering.it\/de\/wp-json\/wp\/v2\/types\/page"}],"author":[{"embeddable":true,"href":"https:\/\/www.cemengineering.it\/de\/wp-json\/wp\/v2\/users\/2"}],"replies":[{"embeddable":true,"href":"https:\/\/www.cemengineering.it\/de\/wp-json\/wp\/v2\/comments?post=881"}],"version-history":[{"count":3,"href":"https:\/\/www.cemengineering.it\/de\/wp-json\/wp\/v2\/pages\/881\/revisions"}],"predecessor-version":[{"id":886,"href":"https:\/\/www.cemengineering.it\/de\/wp-json\/wp\/v2\/pages\/881\/revisions\/886"}],"wp:attachment":[{"href":"https:\/\/www.cemengineering.it\/de\/wp-json\/wp\/v2\/media?parent=881"}],"curies":[{"name":"wp","href":"https:\/\/api.w.org\/{rel}","templated":true}]}}