{"id":779,"date":"2026-04-14T10:03:51","date_gmt":"2026-04-14T10:03:51","guid":{"rendered":"https:\/\/www.cemengineering.it\/chi-siamo\/"},"modified":"2026-05-15T07:28:26","modified_gmt":"2026-05-15T07:28:26","slug":"chi-siamo","status":"publish","type":"page","link":"https:\/\/www.cemengineering.it\/it\/chi-siamo\/","title":{"rendered":"Chi siamo"},"content":{"rendered":"\n[et_pb_section fb_built=&#8221;1&#8243; custom_padding_last_edited=&#8221;on|tablet&#8221; _builder_version=&#8221;4.27.6&#8243; _module_preset=&#8221;default&#8221; background_color=&#8221;gcid-ab7ff4dd-e087-4553-8299-16fb58deb3ad&#8221; background_image=&#8221;http:\/\/www.cemengineering.it\/wp-content\/uploads\/CEM-Spiral-Dark-blue-1.png&#8221; background_size=&#8221;initial&#8221; background_position=&#8221;center_right&#8221; custom_margin=&#8221;0px||0px||false|false&#8221; custom_padding=&#8221;10vh||10vh||true|false&#8221; custom_padding_tablet=&#8221;180px||200px||false|false&#8221; custom_padding_phone=&#8221;110px||90px||false|false&#8221; global_colors_info=&#8221;{%22gcid-ab7ff4dd-e087-4553-8299-16fb58deb3ad%22:%91%22background_color%22,%22background_color%22%93}&#8221;][et_pb_row module_class=&#8221;construction-20-inlbtnsc&#8221; _builder_version=&#8221;4.22.2&#8243; _module_preset=&#8221;default&#8221; width=&#8221;90%&#8221; max_width=&#8221;1270px&#8221; custom_margin=&#8221;0px||0px||false|false&#8221; custom_padding=&#8221;0px||0px||false|false&#8221; animation_style=&#8221;slide&#8221; animation_direction=&#8221;left&#8221; animation_speed_curve=&#8221;ease&#8221; global_colors_info=&#8221;{}&#8221;][et_pb_column type=&#8221;4_4&#8243; _builder_version=&#8221;4.22.1&#8243; _module_preset=&#8221;default&#8221; global_colors_info=&#8221;{}&#8221;][et_pb_heading title=&#8221;@ET-DC@eyJkeW5hbWljIjp0cnVlLCJjb250ZW50IjoicG9zdF90aXRsZSIsInNldHRpbmdzIjp7ImJlZm9yZSI6IiIsImFmdGVyIjoiIiwiZW5hYmxlX2h0bWwiOiJvZmYifX0=@&#8221; _builder_version=&#8221;4.27.6&#8243; _dynamic_attributes=&#8221;title&#8221; _module_preset=&#8221;default&#8221; title_text_color=&#8221;#FFFFFF&#8221; global_colors_info=&#8221;{}&#8221;][\/et_pb_heading][\/et_pb_column][\/et_pb_row][\/et_pb_section][et_pb_section fb_built=&#8221;1&#8243; custom_padding_last_edited=&#8221;on|phone&#8221; _builder_version=&#8221;4.27.6&#8243; _module_preset=&#8221;default&#8221; background_enable_image=&#8221;off&#8221; parallax=&#8221;on&#8221; parallax_method=&#8221;off&#8221; custom_margin=&#8221;0px||0px||false|false&#8221; custom_padding=&#8221;120px||120px||true|false&#8221; custom_padding_tablet=&#8221;120px||120px||false|false&#8221; custom_padding_phone=&#8221;90px||75px||false|false&#8221; global_colors_info=&#8221;{}&#8221;][et_pb_row column_structure=&#8221;1_3,2_3&#8243; make_equal=&#8221;on&#8221; _builder_version=&#8221;4.27.6&#8243; _module_preset=&#8221;default&#8221; custom_padding=&#8221;0px||0px||true|false&#8221; animation_direction=&#8221;top&#8221; global_colors_info=&#8221;{}&#8221;][et_pb_column type=&#8221;1_3&#8243; _builder_version=&#8221;4.27.6&#8243; _module_preset=&#8221;default&#8221; custom_padding=&#8221;||||false|false&#8221; custom_padding_tablet=&#8221;|||0px|false|false&#8221; custom_padding_phone=&#8221;|||0px|false|false&#8221; custom_padding_last_edited=&#8221;off|desktop&#8221; animation_style=&#8221;slide&#8221; animation_direction=&#8221;left&#8221; animation_duration=&#8221;700ms&#8221; animation_delay=&#8221;500ms&#8221; animation_speed_curve=&#8221;ease&#8221; custom_css_main_element=&#8221;margin:auto;&#8221; global_colors_info=&#8221;{}&#8221;][et_pb_image src=&#8221;http:\/\/www.cemengineering.it\/wp-content\/uploads\/CEM-Circle-Light-blue-Bottom-right.webp&#8221; title_text=&#8221;CEM-Chi siamo-Chi siamo-Esterni&#8221; force_fullwidth=&#8221;on&#8221; _builder_version=&#8221;4.27.6&#8243; _module_preset=&#8221;default&#8221; background_image=&#8221;http:\/\/www.cemengineering.it\/wp-content\/uploads\/CEM-About-us-Who-We-Are-Outside.webp&#8221; custom_margin=&#8221;0px||0px||false|false&#8221; custom_margin_tablet=&#8221;0px||60px||false|false&#8221; custom_margin_phone=&#8221;||45px||false|false&#8221; custom_margin_last_edited=&#8221;on|tablet&#8221; custom_padding=&#8221;0px||0px||false|false&#8221; border_color_all=&#8221;#FFFFFF&#8221; global_colors_info=&#8221;{}&#8221;][\/et_pb_image][\/et_pb_column][et_pb_column type=&#8221;2_3&#8243; module_class=&#8221;iq-centra-verticale&#8221; _builder_version=&#8221;4.27.6&#8243; _module_preset=&#8221;default&#8221; animation_style=&#8221;slide&#8221; animation_direction=&#8221;right&#8221; animation_duration=&#8221;700ms&#8221; animation_delay=&#8221;750ms&#8221; animation_speed_curve=&#8221;ease&#8221; global_colors_info=&#8221;{}&#8221; custom_css_after_last_edited=&#8221;off|desktop&#8221; custom_css_after_tablet=&#8221;display:none;&#8221; custom_css_after_phone=&#8221;display:none;&#8221;][et_pb_text _builder_version=&#8221;4.27.6&#8243; _module_preset=&#8221;default&#8221; custom_margin=&#8221;||0px||false|false&#8221; global_colors_info=&#8221;{}&#8221;]<h2>Chi siamo<\/h2>[\/et_pb_text][et_pb_text _builder_version=&#8221;4.27.6&#8243; _module_preset=&#8221;default&#8221; text_font_size=&#8221;18px&#8221; global_colors_info=&#8221;{}&#8221;]C.E.M. Industrial Transformers \u00e8 stata fondata per soddisfare la crescente domanda dei clienti industriali e delle utility di avere un partner affidabile e altamente reattivo nel settore dei trasformatori.[\/et_pb_text][et_pb_text _builder_version=&#8221;4.27.6&#8243; _module_preset=&#8221;default&#8221; global_colors_info=&#8221;{}&#8221;]Con oltre 30 anni di esperienza nel settore, abbiamo una profonda conoscenza delle sfide industriali e applichiamo tecniche all&#8217;avanguardia per sviluppare soluzioni altamente efficienti, durature e convenienti.[\/et_pb_text][\/et_pb_column][\/et_pb_row][\/et_pb_section][et_pb_section fb_built=&#8221;1&#8243; disabled_on=&#8221;off|off|off&#8221; module_id=&#8221;servizi&#8221; _builder_version=&#8221;4.27.6&#8243; _module_preset=&#8221;default&#8221; background_color=&#8221;rgba(0,0,0,0.7)&#8221; use_background_color_gradient=&#8221;on&#8221; background_color_gradient_stops=&#8221;rgba(0,0,0,0.7) 0%|rgba(0,0,0,0.7) 100%&#8221; background_color_gradient_overlays_image=&#8221;on&#8221; background_image=&#8221;http:\/\/www.cemengineering.it\/wp-content\/uploads\/CEM_INDUSTRIAL_TRANSFORMERS_SRL79-1920w.webp&#8221; parallax=&#8221;on&#8221; background_blend=&#8221;multiply&#8221; custom_padding=&#8221;120px||120px||true|false&#8221; locked=&#8221;off&#8221; global_colors_info=&#8221;{%22gcid-secondary-color%22:%91%22background_color%22%93,%22gcid-primary-color%22:%91%22background_color%22,%22background_color%22,%22background_color%22,%22background_color%22%93}&#8221;][et_pb_row _builder_version=&#8221;4.27.6&#8243; _module_preset=&#8221;default&#8221; custom_margin_tablet=&#8221;0px||70px||false|false&#8221; custom_margin_phone=&#8221;0px||45px||false|false&#8221; custom_margin_last_edited=&#8221;off|desktop&#8221; custom_padding=&#8221;0px||0px||true|false&#8221; animation_style=&#8221;slide&#8221; animation_direction=&#8221;bottom&#8221; animation_duration=&#8221;700ms&#8221; animation_delay=&#8221;500ms&#8221; animation_speed_curve=&#8221;ease&#8221; global_colors_info=&#8221;{}&#8221;][et_pb_column type=&#8221;4_4&#8243; _builder_version=&#8221;4.22.1&#8243; _module_preset=&#8221;default&#8221; global_colors_info=&#8221;{}&#8221;][et_pb_text _builder_version=&#8221;4.27.6&#8243; _module_preset=&#8221;default&#8221; text_orientation=&#8221;center&#8221; background_layout=&#8221;dark&#8221; custom_margin=&#8221;||0px||false|false&#8221; animation_direction=&#8221;bottom&#8221; global_colors_info=&#8221;{}&#8221;]<h2>La nostra missione<\/h2>[\/et_pb_text][et_pb_text _builder_version=&#8221;4.27.6&#8243; _module_preset=&#8221;default&#8221; text_font_size=&#8221;18px&#8221; text_orientation=&#8221;center&#8221; background_layout=&#8221;dark&#8221; module_alignment=&#8221;center&#8221; custom_padding=&#8221;0px||0px||false|false&#8221; global_colors_info=&#8221;{}&#8221;]La missione principale di C.E.M. \u00e8 progettare e produrre avvolgimenti per trasformatori industriali speciali e trasformatori di potenza per la generazione, la trasmissione e la distribuzione di energia elettrica, soddisfacendo e superando i pi\u00f9 elevati standard di qualit\u00e0, prestazioni e affidabilit\u00e0. Collaboriamo a stretto contatto con i nostri clienti per creare soluzioni personalizzate e adatte alle loro specifiche esigenze operative e tecniche.[\/et_pb_text][et_pb_text _builder_version=&#8221;4.27.6&#8243; _module_preset=&#8221;default&#8221; text_orientation=&#8221;center&#8221; background_layout=&#8221;dark&#8221; max_width=&#8221;800px&#8221; module_alignment=&#8221;center&#8221; custom_margin=&#8221;0px||0px||false|false&#8221; custom_padding=&#8221;0px||0px||false|false&#8221; global_colors_info=&#8221;{}&#8221;]La maggior parte delle nostre risorse viene investita in ricerca e sviluppo, concentrandosi sull&#8217;innovazione di trasformatori speciali progettati per soddisfare esigenze industriali complesse. Ogni avvolgimento viene progettato meticolosamente dal nostro team di esperti, utilizzando le tecnologie pi\u00f9 avanzate disponibili.[\/et_pb_text][\/et_pb_column][\/et_pb_row][\/et_pb_section][et_pb_section fb_built=&#8221;1&#8243; custom_padding_last_edited=&#8221;on|phone&#8221; _builder_version=&#8221;4.22.1&#8243; _module_preset=&#8221;default&#8221; custom_margin=&#8221;0px||0px||false|false&#8221; custom_padding=&#8221;120px||120px||true|false&#8221; custom_padding_tablet=&#8221;120px||120px||false|false&#8221; custom_padding_phone=&#8221;90px||75px||false|false&#8221; global_colors_info=&#8221;{}&#8221;][et_pb_row column_structure=&#8221;3_5,2_5&#8243; make_equal=&#8221;on&#8221; _builder_version=&#8221;4.27.6&#8243; _module_preset=&#8221;default&#8221; custom_padding=&#8221;0px||0px||true|false&#8221; animation_direction=&#8221;top&#8221; global_colors_info=&#8221;{}&#8221;][et_pb_column type=&#8221;3_5&#8243; module_class=&#8221;iq-centra-verticale&#8221; _builder_version=&#8221;4.27.6&#8243; _module_preset=&#8221;default&#8221; animation_style=&#8221;slide&#8221; animation_direction=&#8221;left&#8221; animation_duration=&#8221;700ms&#8221; animation_delay=&#8221;500ms&#8221; animation_speed_curve=&#8221;ease&#8221; global_colors_info=&#8221;{}&#8221; custom_css_after_last_edited=&#8221;off|desktop&#8221; custom_css_after_tablet=&#8221;display:none;&#8221; custom_css_after_phone=&#8221;display:none;&#8221;][et_pb_text _builder_version=&#8221;4.27.6&#8243; _module_preset=&#8221;default&#8221; text_orientation=&#8221;right&#8221; custom_margin=&#8221;||0px||false|false&#8221; global_colors_info=&#8221;{}&#8221;]<h2>Il nostro impegno<\/h2>[\/et_pb_text][et_pb_text _builder_version=&#8221;4.27.6&#8243; _module_preset=&#8221;default&#8221; text_orientation=&#8221;right&#8221; global_colors_info=&#8221;{}&#8221;]In C.E.M. crediamo che l&#8217;innovazione sia essenziale per rimanere all&#8217;avanguardia in un settore in rapida evoluzione. I nostri sforzi di ricerca e sviluppo sono dedicati al miglioramento della tecnologia dei trasformatori, all&#8217;aumento dell&#8217;efficienza e all&#8217;adeguamento ai pi\u00f9 recenti progressi del settore. \n\nIl nostro impegno per l&#8217;eccellenza si riflette in ogni aspetto del nostro lavoro: dalla progettazione iniziale alla costruzione finale, dalla manutenzione ordinaria all&#8217;assistenza di emergenza. Scegliere C.E.M. significa collaborare con un&#8217;azienda che d\u00e0 valore all&#8217;affidabilit\u00e0, alla competenza e alla soddisfazione del cliente.[\/et_pb_text][\/et_pb_column][et_pb_column type=&#8221;2_5&#8243; _builder_version=&#8221;4.27.6&#8243; _module_preset=&#8221;default&#8221; custom_padding=&#8221;||||false|false&#8221; custom_padding_tablet=&#8221;|||0px|false|false&#8221; custom_padding_phone=&#8221;|||0px|false|false&#8221; custom_padding_last_edited=&#8221;off|desktop&#8221; animation_style=&#8221;slide&#8221; animation_direction=&#8221;right&#8221; animation_duration=&#8221;700ms&#8221; animation_delay=&#8221;750ms&#8221; animation_speed_curve=&#8221;ease&#8221; custom_css_main_element=&#8221;margin:auto;&#8221; global_colors_info=&#8221;{}&#8221;][et_pb_image src=&#8221;http:\/\/www.cemengineering.it\/wp-content\/uploads\/CEM-Circle-Light-blue-Bottom-right.webp&#8221; force_fullwidth=&#8221;on&#8221; _builder_version=&#8221;4.27.6&#8243; _module_preset=&#8221;default&#8221; background_image=&#8221;http:\/\/www.cemengineering.it\/wp-content\/uploads\/CEM-About-us-Our-commitment.webp&#8221; custom_margin=&#8221;0px||0px||false|false&#8221; custom_margin_tablet=&#8221;0px||60px||false|false&#8221; custom_margin_phone=&#8221;||45px||false|false&#8221; custom_margin_last_edited=&#8221;on|tablet&#8221; custom_padding=&#8221;0px||0px||false|false&#8221; global_colors_info=&#8221;{}&#8221;][\/et_pb_image][\/et_pb_column][\/et_pb_row][\/et_pb_section]\n","protected":false},"excerpt":{"rendered":"<p>Chi siamoC.E.M. Industrial Transformers \u00e8 stata fondata per soddisfare la crescente domanda dei clienti industriali e delle utility di avere un partner affidabile e altamente reattivo nel settore dei trasformatori.Con oltre 30 anni di esperienza nel settore, abbiamo una profonda conoscenza delle sfide industriali e applichiamo tecniche all&#8217;avanguardia per sviluppare soluzioni altamente efficienti, durature e convenienti.La nostra missioneLa missione principale di C.E.M. \u00e8 progettare e produrre avvolgimenti per trasformatori industriali speciali e trasformatori di potenza per la generazione, la trasmissione e la distribuzione di energia elettrica, soddisfacendo e superando i pi\u00f9 elevati standard di qualit\u00e0, prestazioni e affidabilit\u00e0. Collaboriamo a stretto contatto con i nostri clienti per creare soluzioni personalizzate e adatte alle loro specifiche esigenze operative e tecniche.La maggior parte delle nostre risorse viene investita in ricerca e sviluppo, concentrandosi sull&#8217;innovazione di trasformatori speciali progettati per soddisfare esigenze industriali complesse. Ogni avvolgimento viene progettato meticolosamente dal nostro team di esperti, utilizzando le tecnologie pi\u00f9 avanzate disponibili.Il nostro impegnoIn C.E.M. crediamo che l&#8217;innovazione sia essenziale per rimanere all&#8217;avanguardia in un settore in rapida evoluzione. I nostri sforzi di ricerca e sviluppo sono dedicati al miglioramento della tecnologia dei trasformatori, all&#8217;aumento dell&#8217;efficienza e all&#8217;adeguamento ai pi\u00f9 recenti progressi del settore. Il [&hellip;]<\/p>\n","protected":false},"author":2,"featured_media":0,"parent":0,"menu_order":0,"comment_status":"closed","ping_status":"closed","template":"","meta":{"_et_pb_use_builder":"on","_et_pb_old_content":"","_et_gb_content_width":"","footnotes":""},"class_list":["post-779","page","type-page","status-publish","hentry"],"_links":{"self":[{"href":"https:\/\/www.cemengineering.it\/it\/wp-json\/wp\/v2\/pages\/779","targetHints":{"allow":["GET"]}}],"collection":[{"href":"https:\/\/www.cemengineering.it\/it\/wp-json\/wp\/v2\/pages"}],"about":[{"href":"https:\/\/www.cemengineering.it\/it\/wp-json\/wp\/v2\/types\/page"}],"author":[{"embeddable":true,"href":"https:\/\/www.cemengineering.it\/it\/wp-json\/wp\/v2\/users\/2"}],"replies":[{"embeddable":true,"href":"https:\/\/www.cemengineering.it\/it\/wp-json\/wp\/v2\/comments?post=779"}],"version-history":[{"count":1,"href":"https:\/\/www.cemengineering.it\/it\/wp-json\/wp\/v2\/pages\/779\/revisions"}],"predecessor-version":[{"id":780,"href":"https:\/\/www.cemengineering.it\/it\/wp-json\/wp\/v2\/pages\/779\/revisions\/780"}],"wp:attachment":[{"href":"https:\/\/www.cemengineering.it\/it\/wp-json\/wp\/v2\/media?parent=779"}],"curies":[{"name":"wp","href":"https:\/\/api.w.org\/{rel}","templated":true}]}}